{"id":2,"date":"2019-07-07T20:43:12","date_gmt":"2019-07-07T20:43:12","guid":{"rendered":"https:\/\/martingagne.com\/tq\/?page_id=2"},"modified":"2026-04-09T16:50:29","modified_gmt":"2026-04-09T20:50:29","slug":"accueil","status":"publish","type":"page","link":"https:\/\/vocamode.ca\/pe\/","title":{"rendered":"Accueil"},"content":{"rendered":"\t\t<div data-elementor-type=\"wp-page\" data-elementor-id=\"2\" class=\"elementor elementor-2\">\n\t\t\t\t\t\t\t\t\t<section class=\"elementor-section elementor-top-section elementor-element elementor-element-f385215 elementor-section-boxed elementor-section-height-default elementor-section-height-default\" data-id=\"f385215\" data-element_type=\"section\">\n\t\t\t\t\t\t<div class=\"elementor-container elementor-column-gap-default\">\n\t\t\t\t\t<div class=\"elementor-column elementor-col-100 elementor-top-column elementor-element elementor-element-6fce9873\" data-id=\"6fce9873\" data-element_type=\"column\">\n\t\t\t<div class=\"elementor-widget-wrap elementor-element-populated\">\n\t\t\t\t\t\t\t\t<div class=\"elementor-element elementor-element-1aaa6051 elementor-widget elementor-widget-text-editor\" data-id=\"1aaa6051\" data-element_type=\"widget\" data-widget_type=\"text-editor.default\">\n\t\t\t\t<div class=\"elementor-widget-container\">\n\t\t\t<style>\/*! elementor - v3.16.0 - 09-10-2023 *\/\n.elementor-widget-text-editor.elementor-drop-cap-view-stacked .elementor-drop-cap{background-color:#69727d;color:#fff}.elementor-widget-text-editor.elementor-drop-cap-view-framed .elementor-drop-cap{color:#69727d;border:3px solid;background-color:transparent}.elementor-widget-text-editor:not(.elementor-drop-cap-view-default) .elementor-drop-cap{margin-top:8px}.elementor-widget-text-editor:not(.elementor-drop-cap-view-default) .elementor-drop-cap-letter{width:1em;height:1em}.elementor-widget-text-editor .elementor-drop-cap{float:left;text-align:center;line-height:1;font-size:50px}.elementor-widget-text-editor .elementor-drop-cap-letter{display:inline-block}<\/style>\t\t\t\t<p class=\"accueil-top-par\">VOCA mode Printemps + \u00c9t\u00e9 2027 arrive bient\u00f4t!<\/p>\t\t\t\t\t\t<\/div>\n\t\t\t\t<\/div>\n\t\t\t\t<div class=\"elementor-element elementor-element-7ce60f9 elementor-widget-divider--view-line elementor-widget elementor-widget-divider\" data-id=\"7ce60f9\" data-element_type=\"widget\" data-widget_type=\"divider.default\">\n\t\t\t\t<div class=\"elementor-widget-container\">\n\t\t\t<style>\/*! elementor - v3.16.0 - 09-10-2023 *\/\n.elementor-widget-divider{--divider-border-style:none;--divider-border-width:1px;--divider-color:#0c0d0e;--divider-icon-size:20px;--divider-element-spacing:10px;--divider-pattern-height:24px;--divider-pattern-size:20px;--divider-pattern-url:none;--divider-pattern-repeat:repeat-x}.elementor-widget-divider .elementor-divider{display:flex}.elementor-widget-divider .elementor-divider__text{font-size:15px;line-height:1;max-width:95%}.elementor-widget-divider .elementor-divider__element{margin:0 var(--divider-element-spacing);flex-shrink:0}.elementor-widget-divider .elementor-icon{font-size:var(--divider-icon-size)}.elementor-widget-divider .elementor-divider-separator{display:flex;margin:0;direction:ltr}.elementor-widget-divider--view-line_icon .elementor-divider-separator,.elementor-widget-divider--view-line_text .elementor-divider-separator{align-items:center}.elementor-widget-divider--view-line_icon .elementor-divider-separator:after,.elementor-widget-divider--view-line_icon .elementor-divider-separator:before,.elementor-widget-divider--view-line_text .elementor-divider-separator:after,.elementor-widget-divider--view-line_text .elementor-divider-separator:before{display:block;content:\"\";border-bottom:0;flex-grow:1;border-top:var(--divider-border-width) var(--divider-border-style) var(--divider-color)}.elementor-widget-divider--element-align-left .elementor-divider .elementor-divider-separator>.elementor-divider__svg:first-of-type{flex-grow:0;flex-shrink:100}.elementor-widget-divider--element-align-left .elementor-divider-separator:before{content:none}.elementor-widget-divider--element-align-left .elementor-divider__element{margin-left:0}.elementor-widget-divider--element-align-right .elementor-divider .elementor-divider-separator>.elementor-divider__svg:last-of-type{flex-grow:0;flex-shrink:100}.elementor-widget-divider--element-align-right .elementor-divider-separator:after{content:none}.elementor-widget-divider--element-align-right .elementor-divider__element{margin-right:0}.elementor-widget-divider:not(.elementor-widget-divider--view-line_text):not(.elementor-widget-divider--view-line_icon) .elementor-divider-separator{border-top:var(--divider-border-width) var(--divider-border-style) var(--divider-color)}.elementor-widget-divider--separator-type-pattern{--divider-border-style:none}.elementor-widget-divider--separator-type-pattern.elementor-widget-divider--view-line .elementor-divider-separator,.elementor-widget-divider--separator-type-pattern:not(.elementor-widget-divider--view-line) .elementor-divider-separator:after,.elementor-widget-divider--separator-type-pattern:not(.elementor-widget-divider--view-line) .elementor-divider-separator:before,.elementor-widget-divider--separator-type-pattern:not([class*=elementor-widget-divider--view]) .elementor-divider-separator{width:100%;min-height:var(--divider-pattern-height);-webkit-mask-size:var(--divider-pattern-size) 100%;mask-size:var(--divider-pattern-size) 100%;-webkit-mask-repeat:var(--divider-pattern-repeat);mask-repeat:var(--divider-pattern-repeat);background-color:var(--divider-color);-webkit-mask-image:var(--divider-pattern-url);mask-image:var(--divider-pattern-url)}.elementor-widget-divider--no-spacing{--divider-pattern-size:auto}.elementor-widget-divider--bg-round{--divider-pattern-repeat:round}.rtl .elementor-widget-divider .elementor-divider__text{direction:rtl}.e-con-inner>.elementor-widget-divider,.e-con>.elementor-widget-divider{width:var(--container-widget-width,100%);--flex-grow:var(--container-widget-flex-grow)}<\/style>\t\t<div class=\"elementor-divider\">\n\t\t\t<span class=\"elementor-divider-separator\">\n\t\t\t\t\t\t<\/span>\n\t\t<\/div>\n\t\t\t\t<\/div>\n\t\t\t\t<\/div>\n\t\t\t\t<div class=\"elementor-element elementor-element-b933663 elementor-widget elementor-widget-text-editor\" data-id=\"b933663\" data-element_type=\"widget\" data-widget_type=\"text-editor.default\">\n\t\t\t\t<div class=\"elementor-widget-container\">\n\t\t\t\t\t\t\t<p class=\"accueil-top-par\">L\u2019\u00e9v\u00e9nement d&rsquo;achat de la mode pour les d\u00e9taillants<\/p><p>Vous voulez explorer les tendances mode un an \u00e0 l&rsquo;avance? D\u00e9couvrir les nouveaut\u00e9s des grandes marques et des nouveaux cr\u00e9ateurs qui font jaser toute l&rsquo;industrie? Venez faire tous vos achats dans un seul endroit, lors du plus grand \u00e9v\u00e9nement d\u2019achat de mode ind\u00e9pendant cr\u00e9\u00e9 de A \u00e0 Z pour les d\u00e9taillants du Qu\u00e9bec!\u00a0<\/p><div class=\"photo-accueil first\"><img decoding=\"async\" loading=\"lazy\" class=\"alignnone size-full wp-image-2019\" src=\"https:\/\/vocamode.ca\/pe\/wp-content\/uploads\/voca-pe-square-1-1.jpg\" alt=\"VOCA Mode Printemps\/\u00e9t\u00e9 2021\" width=\"600\" height=\"600\" \/><\/div><div class=\"photo-accueil\"><img decoding=\"async\" loading=\"lazy\" class=\"alignnone size-full wp-image-2021\" src=\"https:\/\/vocamode.ca\/pe\/wp-content\/uploads\/voca-pe-square-2-1.jpg\" alt=\"VOCA Mode Printemps\/\u00e9t\u00e9 2021\" width=\"600\" height=\"600\" \/><\/div><div class=\"photo-accueil\"><img decoding=\"async\" loading=\"lazy\" class=\"alignnone size-full wp-image-2023\" src=\"https:\/\/vocamode.ca\/pe\/wp-content\/uploads\/voca-pe-square-3-1.jpg\" alt=\"VOCA Mode Printemps\/\u00e9t\u00e9 2021\" width=\"600\" height=\"600\" \/><\/div><div class=\"photo-accueil last\"><img decoding=\"async\" loading=\"lazy\" class=\"alignnone size-full wp-image-2025\" src=\"https:\/\/vocamode.ca\/pe\/wp-content\/uploads\/voca-pe-square-4-1.jpg\" alt=\"VOCA Mode Printemps\/\u00e9t\u00e9 2021\" width=\"600\" height=\"600\" \/><\/div><div style=\"clear: both;\">\u00a0<\/div><p>Les 16, 17 et 18 ao\u00fbt 2026, VOCA Mode Printemps + \u00c9t\u00e9 2027 r\u00e9invente l\u2019\u00e9v\u00e9nement mode dans un tout <strong>nouvel emplacement<\/strong> : le Centre des congr\u00e8s de L\u00e9vis. D\u00e9taillants, repr\u00e9sentants, agents manufacturiers, designers, fournisseurs, institutions financi\u00e8res et m\u00e9dias: VOCA r\u00e9unit tous les d\u00e9cideurs pour vous offrir l&rsquo;exp\u00e9rience de collaboration int\u00e9gr\u00e9e dont vous avez toujours r\u00eav\u00e9 pour maximiser vos affaires. On promet de vous \u00e9pater!<\/p><div class=\"accueil-left\"><div class=\"accueil-left-content\"><h4>Visiteurs<\/h4><h2 class=\"action\">OUI, je visite! <i class=\"icon-down-big\"><\/i><\/h2><p>On vous promet des activit\u00e9s qui se succ\u00e8dent \u00e0 un rythme tr\u00e9pidant pour vous offrir une exp\u00e9rience d\u2019achat excitante, efficace et profitable.<\/p><p><a class=\"cta-btn-contenu\" href=\"https:\/\/docs.google.com\/forms\/d\/e\/1FAIpQLSczt9jyFmKtgaE-280t-Fy7gj3hJRr-0Jfc0giZpiVR4OTPFQ\/viewform\" target=\"_blank\" rel=\"noopener\">Inscrivez-vous d\u00e8s maintenant<\/a><\/p><\/div><\/div><div class=\"accueil-right\"><div class=\"accueil-right-content\"><h4>Exposant<\/h4><h2 class=\"action\">OUI, j&rsquo;expose! <i class=\"icon-down-big\"><\/i><\/h2><p>Visibilit\u00e9, r\u00e9seautage, opportunit\u00e9s d\u2019affaires, formation, etc.: VOCA repr\u00e9sente une occasion unique de b\u00e2tir votre r\u00e9seau d\u2019affaires.<\/p><p><a class=\"cta-btn-contenu\" href=\"https:\/\/www.vocamode.ca\/expo\/fr\/exposant-ag-formulaire-inscription.html\" target=\"_blank\" rel=\"noopener\">Devenez exposant<\/a><\/p><\/div><\/div>\t\t\t\t\t\t<\/div>\n\t\t\t\t<\/div>\n\t\t\t\t\t<\/div>\n\t\t<\/div>\n\t\t\t\t\t\t\t<\/div>\n\t\t<\/section>\n\t\t\t\t<section class=\"elementor-section elementor-top-section elementor-element elementor-element-a462926 elementor-section-boxed elementor-section-height-default elementor-section-height-default\" data-id=\"a462926\" data-element_type=\"section\">\n\t\t\t\t\t\t<div class=\"elementor-container elementor-column-gap-default\">\n\t\t\t\t\t<div class=\"elementor-column elementor-col-100 elementor-top-column elementor-element elementor-element-e00cb18\" data-id=\"e00cb18\" data-element_type=\"column\">\n\t\t\t<div class=\"elementor-widget-wrap elementor-element-populated\">\n\t\t\t\t\t\t\t\t<div class=\"elementor-element elementor-element-c870b37 elementor-widget elementor-widget-text-editor\" data-id=\"c870b37\" data-element_type=\"widget\" data-widget_type=\"text-editor.default\">\n\t\t\t\t<div class=\"elementor-widget-container\">\n\t\t\t\t\t\t\t<div class=\"accueil-right\">\n<div class=\"accueil-right-content\">\n<h2>VOCA mode en vid\u00e9o<\/h2>\n<\/div>\n<\/div>\t\t\t\t\t\t<\/div>\n\t\t\t\t<\/div>\n\t\t\t\t\t<\/div>\n\t\t<\/div>\n\t\t\t\t\t\t\t<\/div>\n\t\t<\/section>\n\t\t\t\t<section class=\"elementor-section elementor-top-section elementor-element elementor-element-31a1010 elementor-section-boxed elementor-section-height-default elementor-section-height-default\" data-id=\"31a1010\" data-element_type=\"section\">\n\t\t\t\t\t\t<div class=\"elementor-container elementor-column-gap-default\">\n\t\t\t\t\t<div class=\"elementor-column elementor-col-100 elementor-top-column elementor-element elementor-element-6c6d2be\" data-id=\"6c6d2be\" data-element_type=\"column\">\n\t\t\t<div class=\"elementor-widget-wrap elementor-element-populated\">\n\t\t\t\t\t\t\t\t<div class=\"elementor-element elementor-element-881a021 elementor-widget elementor-widget-video\" data-id=\"881a021\" data-element_type=\"widget\" data-settings=\"{&quot;youtube_url&quot;:&quot;https:\\\/\\\/youtu.be\\\/2TxPdej3R4A&quot;,&quot;show_image_overlay&quot;:&quot;yes&quot;,&quot;image_overlay&quot;:{&quot;url&quot;:&quot;&quot;,&quot;id&quot;:&quot;&quot;,&quot;size&quot;:&quot;&quot;,&quot;alt&quot;:&quot;Cover You tube (5)&quot;,&quot;source&quot;:&quot;library&quot;},&quot;video_type&quot;:&quot;youtube&quot;}\" data-widget_type=\"video.default\">\n\t\t\t\t<div class=\"elementor-widget-container\">\n\t\t\t<style>\/*! elementor - v3.16.0 - 09-10-2023 *\/\n.elementor-widget-video .elementor-widget-container{overflow:hidden;transform:translateZ(0)}.elementor-widget-video .elementor-wrapper{aspect-ratio:var(--video-aspect-ratio)}.elementor-widget-video .elementor-wrapper iframe,.elementor-widget-video .elementor-wrapper video{height:100%;width:100%;display:flex;border:none;background-color:#000}@supports not (aspect-ratio:1\/1){.elementor-widget-video .elementor-wrapper{position:relative;overflow:hidden;height:0;padding-bottom:calc(100% \/ var(--video-aspect-ratio))}.elementor-widget-video .elementor-wrapper iframe,.elementor-widget-video .elementor-wrapper video{position:absolute;top:0;right:0;bottom:0;left:0}}.elementor-widget-video .elementor-open-inline .elementor-custom-embed-image-overlay{position:absolute;top:0;right:0;bottom:0;left:0;background-size:cover;background-position:50%}.elementor-widget-video .elementor-custom-embed-image-overlay{cursor:pointer;text-align:center}.elementor-widget-video .elementor-custom-embed-image-overlay:hover .elementor-custom-embed-play i{opacity:1}.elementor-widget-video .elementor-custom-embed-image-overlay img{display:block;width:100%;aspect-ratio:var(--video-aspect-ratio);-o-object-fit:cover;object-fit:cover;-o-object-position:center center;object-position:center center}@supports not (aspect-ratio:1\/1){.elementor-widget-video .elementor-custom-embed-image-overlay{position:relative;overflow:hidden;height:0;padding-bottom:calc(100% \/ var(--video-aspect-ratio))}.elementor-widget-video .elementor-custom-embed-image-overlay img{position:absolute;top:0;right:0;bottom:0;left:0}}.elementor-widget-video .e-hosted-video .elementor-video{-o-object-fit:cover;object-fit:cover}.e-con-inner>.elementor-widget-video,.e-con>.elementor-widget-video{width:var(--container-widget-width);--flex-grow:var(--container-widget-flex-grow)}<\/style>\t\t<div class=\"elementor-wrapper elementor-open-inline\">\n\t\t\t<div class=\"elementor-video\"><\/div>\t\t<\/div>\n\t\t\t\t<\/div>\n\t\t\t\t<\/div>\n\t\t\t\t\t<\/div>\n\t\t<\/div>\n\t\t\t\t\t\t\t<\/div>\n\t\t<\/section>\n\t\t\t\t<section class=\"elementor-section elementor-top-section elementor-element elementor-element-95542ad elementor-section-boxed elementor-section-height-default elementor-section-height-default\" data-id=\"95542ad\" data-element_type=\"section\">\n\t\t\t\t\t\t<div class=\"elementor-container elementor-column-gap-default\">\n\t\t\t\t\t<div class=\"elementor-column elementor-col-100 elementor-top-column elementor-element elementor-element-7361613\" data-id=\"7361613\" data-element_type=\"column\">\n\t\t\t<div class=\"elementor-widget-wrap elementor-element-populated\">\n\t\t\t\t\t\t\t\t<div class=\"elementor-element elementor-element-7ec3561 elementor-widget elementor-widget-text-editor\" data-id=\"7ec3561\" data-element_type=\"widget\" data-widget_type=\"text-editor.default\">\n\t\t\t\t<div class=\"elementor-widget-container\">\n\t\t\t\t\t\t\t<div class=\"accueil-right\"><div class=\"accueil-right-content\"><h2>VOCA Magazine<\/h2><\/div><\/div>\t\t\t\t\t\t<\/div>\n\t\t\t\t<\/div>\n\t\t\t\t<section class=\"elementor-section elementor-inner-section elementor-element elementor-element-07a6a95 elementor-section-boxed elementor-section-height-default elementor-section-height-default\" data-id=\"07a6a95\" data-element_type=\"section\">\n\t\t\t\t\t\t<div class=\"elementor-container elementor-column-gap-default\">\n\t\t\t\t\t<div class=\"elementor-column elementor-col-50 elementor-inner-column elementor-element elementor-element-fcaded8\" data-id=\"fcaded8\" data-element_type=\"column\">\n\t\t\t<div class=\"elementor-widget-wrap elementor-element-populated\">\n\t\t\t\t\t\t\t\t<div class=\"elementor-element elementor-element-cdaf6b2 elementor-widget elementor-widget-image\" data-id=\"cdaf6b2\" data-element_type=\"widget\" data-widget_type=\"image.default\">\n\t\t\t\t<div class=\"elementor-widget-container\">\n\t\t\t<style>\/*! elementor - v3.16.0 - 09-10-2023 *\/\n.elementor-widget-image{text-align:center}.elementor-widget-image a{display:inline-block}.elementor-widget-image a img[src$=\".svg\"]{width:48px}.elementor-widget-image img{vertical-align:middle;display:inline-block}<\/style>\t\t\t\t\t\t\t\t\t<figure class=\"wp-caption\">\n\t\t\t\t\t\t\t\t\t\t<img decoding=\"async\" loading=\"lazy\" width=\"1024\" height=\"1024\" src=\"https:\/\/vocamode.ca\/pe\/wp-content\/uploads\/VOCA-Mode-Printemps-ete-2027-fr-1-1024x1024.jpg\" class=\"attachment-large size-large wp-image-3283\" alt=\"Voca Mode Printemps Ete 2027 Fr 1\" srcset=\"https:\/\/vocamode.ca\/pe\/wp-content\/uploads\/VOCA-Mode-Printemps-ete-2027-fr-1-1024x1024.jpg 1024w, https:\/\/vocamode.ca\/pe\/wp-content\/uploads\/VOCA-Mode-Printemps-ete-2027-fr-1-500x500.jpg 500w, https:\/\/vocamode.ca\/pe\/wp-content\/uploads\/VOCA-Mode-Printemps-ete-2027-fr-1-150x150.jpg 150w, https:\/\/vocamode.ca\/pe\/wp-content\/uploads\/VOCA-Mode-Printemps-ete-2027-fr-1.jpg 1080w\" sizes=\"(max-width: 1024px) 100vw, 1024px\" \/>\t\t\t\t\t\t\t\t\t\t\t<figcaption class=\"widget-image-caption wp-caption-text\">Version 2027 \u00e0 venir<\/figcaption>\n\t\t\t\t\t\t\t\t\t\t<\/figure>\n\t\t\t\t\t\t\t\t\t<\/div>\n\t\t\t\t<\/div>\n\t\t\t\t\t<\/div>\n\t\t<\/div>\n\t\t\t\t<div class=\"elementor-column elementor-col-50 elementor-inner-column elementor-element elementor-element-4698824\" data-id=\"4698824\" data-element_type=\"column\">\n\t\t\t<div class=\"elementor-widget-wrap elementor-element-populated\">\n\t\t\t\t\t\t\t\t<div class=\"elementor-element elementor-element-7f26193 elementor-widget elementor-widget-text-editor\" data-id=\"7f26193\" data-element_type=\"widget\" data-widget_type=\"text-editor.default\">\n\t\t\t\t<div class=\"elementor-widget-container\">\n\t\t\t\t\t\t\t<p>Le VOCA Magazine c\u2019est l\u2019innovation que l\u2019industrie de la mode attendait! Il se veut l\u2019outil de travail attendu et essentiel de tous les d\u00e9taillants de la province de Qu\u00e9bec pour la planification de leur prochaine saison d\u2019achat.<\/p><p>LE VOCA MAGAZINE C\u2019EST:<\/p><ul style=\"margin-left: 40px;\"><li>Un compl\u00e9ment aux \u00e9v\u00e9nements d\u2019achats VOCA<\/li><li>Des articles pratiques et diversifi\u00e9s<\/li><li>Des tendances mode \u00e0 surveiller<\/li><li>Des nouvelles de l\u2019industrie<\/li><li>Des looks inspirants<\/li><li>Un r\u00e9pertoire des exposants \u00e0 l\u2019\u00e9v\u00e9nement VOCA<\/li><\/ul><p>Le VOCA Magazine est disponible en version papier et num\u00e9rique selon vos pr\u00e9f\u00e9rences!<\/p><p><a class=\"cta-btn-contenu\" href=\"https:\/\/vocamode.ca\/pe\/voca-magazine-printempsete-2026\/\" target=\"_blank\" rel=\"noopener\">Visualiser le VOCA Magazine Printemps+\u00c9t\u00e9 2026<\/a><\/p>\t\t\t\t\t\t<\/div>\n\t\t\t\t<\/div>\n\t\t\t\t\t<\/div>\n\t\t<\/div>\n\t\t\t\t\t\t\t<\/div>\n\t\t<\/section>\n\t\t\t\t\t<\/div>\n\t\t<\/div>\n\t\t\t\t\t\t\t<\/div>\n\t\t<\/section>\n\t\t\t\t\t\t\t<\/div>\n\t\t","protected":false},"excerpt":{"rendered":"<p>VOCA mode Printemps + \u00c9t\u00e9 2027 arrive bient\u00f4t! L\u2019\u00e9v\u00e9nement d&rsquo;achat de la mode pour les d\u00e9taillants Vous voulez explorer les tendances mode un an \u00e0 l&rsquo;avance? D\u00e9couvrir les nouveaut\u00e9s des grandes marques et des nouveaux cr\u00e9ateurs qui font jaser toute l&rsquo;industrie? Venez faire tous vos achats dans un seul endroit, lors du plus grand \u00e9v\u00e9nement <a href=\"https:\/\/vocamode.ca\/pe\/\" class=\"more-link\">&#8230;<\/a><\/p>\n","protected":false},"author":1,"featured_media":0,"parent":0,"menu_order":0,"comment_status":"closed","ping_status":"open","template":"custom-home.php","meta":{"footnotes":""},"categories":[],"tags":[],"acf":[],"_links":{"self":[{"href":"https:\/\/vocamode.ca\/pe\/wp-json\/wp\/v2\/pages\/2"}],"collection":[{"href":"https:\/\/vocamode.ca\/pe\/wp-json\/wp\/v2\/pages"}],"about":[{"href":"https:\/\/vocamode.ca\/pe\/wp-json\/wp\/v2\/types\/page"}],"author":[{"embeddable":true,"href":"https:\/\/vocamode.ca\/pe\/wp-json\/wp\/v2\/users\/1"}],"replies":[{"embeddable":true,"href":"https:\/\/vocamode.ca\/pe\/wp-json\/wp\/v2\/comments?post=2"}],"version-history":[{"count":337,"href":"https:\/\/vocamode.ca\/pe\/wp-json\/wp\/v2\/pages\/2\/revisions"}],"predecessor-version":[{"id":3322,"href":"https:\/\/vocamode.ca\/pe\/wp-json\/wp\/v2\/pages\/2\/revisions\/3322"}],"wp:attachment":[{"href":"https:\/\/vocamode.ca\/pe\/wp-json\/wp\/v2\/media?parent=2"}],"wp:term":[{"taxonomy":"category","embeddable":true,"href":"https:\/\/vocamode.ca\/pe\/wp-json\/wp\/v2\/categories?post=2"},{"taxonomy":"post_tag","embeddable":true,"href":"https:\/\/vocamode.ca\/pe\/wp-json\/wp\/v2\/tags?post=2"}],"curies":[{"name":"wp","href":"https:\/\/api.w.org\/{rel}","templated":true}]}}