{"id":1681,"date":"2019-12-03T23:43:11","date_gmt":"2019-12-04T04:43:11","guid":{"rendered":"https:\/\/vocamode.ca\/beta\/?page_id=1681"},"modified":"2026-04-09T22:59:23","modified_gmt":"2026-04-10T02:59:23","slug":"visiteurs","status":"publish","type":"page","link":"https:\/\/vocamode.ca\/pe\/visiteurs\/","title":{"rendered":"Visiteurs"},"content":{"rendered":"<div id=\"pourquoi\" class=\"sous-section-titre\" style=\"padding-top: 0;\">\n<h2>Pourquoi visiter VOCA<\/h2>\n<\/div>\n<div class=\"sous-section-contenu\" style=\"padding-top: 0;\">\n<div class=\"content\">\n<h4>VOCA mode Printemps + \u00c9t\u00e9 2027 au Centre des Congr\u00e8s de L\u00e9vis, Qu\u00e9bec, c\u2019est:<\/h4>\n<p><!--\n\n\n<h5><strong>+ de 250 exposants\n+ de 800 marques\n+ de 60 000 pi ca<\/strong><\/h5>\n\n\n--><br \/>\nVOCA mode Pintemps + \u00c9t\u00e9 2027 a \u00e9t\u00e9 cr\u00e9\u00e9 pour r\u00e9pondre \u00e0 vos besoins de d\u00e9taillant. On vous promet des activit\u00e9s qui se succ\u00e8dent \u00e0 un rythme tr\u00e9pidant pour vous offrir une exp\u00e9rience d\u2019achat excitante, efficace et profitable. Tous les secteurs de la mode et les grandes marques populaires y sont repr\u00e9sent\u00e9s afin que vous puissiez explorer les tendances au moins un an \u00e0 l\u2019avance et remplir votre carnet d\u2019achat au m\u00eame endroit.<\/p>\n<p>Visiter VOCA, c\u2019est aussi avoir acc\u00e8s \u00e0 tous les d\u00e9cideurs de l\u2019industrie de la mode sous un m\u00eame toit pour faciliter votre r\u00e9seautage et b\u00e2tir vos affaires. D\u00e9fil\u00e9s, conf\u00e9rences, ateliers pratiques, cocktails, etc.: nos \u00e9v\u00e9nements maximisent les opportunit\u00e9s d\u2019affaires avec les repr\u00e9sentants et cr\u00e9ateurs sur place, de m\u00eame qu\u2019aupr\u00e8s d\u2019institutions financi\u00e8res et de fournisseurs reconnus.<\/p>\n<h4>Vous \u00eates acheteur? C\u2019est gratuit!<\/h4>\n<h4>Inscrivez-vous en ligne et acc\u00e9l\u00e9rez autant votre entr\u00e9e que vos affaires!<\/h4>\n<p><a class=\"cta-btn-contenu\" href=\"https:\/\/docs.google.com\/forms\/d\/e\/1FAIpQLSczt9jyFmKtgaE-280t-Fy7gj3hJRr-0Jfc0giZpiVR4OTPFQ\/viewform?usp=sharing&#038;ouid=103383261984307596433\" target=\"_blank\" rel=\"noopener\">Inscriptions en ligne!<\/a><\/p>\n<\/div>\n<\/div>\n<div style=\"clear: both;\"><\/div>\n<div id=\"inscription\" class=\"sous-section-titre\">\n<h2>Pr\u00e9inscription<\/h2>\n<\/div>\n<div class=\"sous-section-contenu\">\n<div class=\"content\">Votre temps est pr\u00e9cieux? Pr\u00e9inscrivez-vous et acc\u00e9l\u00e9rez l&rsquo;acc\u00e8s \u00e0 l&rsquo;\u00e9v\u00e9nement VOCA du Centre des Congr\u00e8s de L\u00e9vis. Sinon, pr\u00e9sentez-vous \u00e0 l&rsquo;accueil durant les <strong><a href=\"https:\/\/vocamode.ca\/pe\/programmation\/\">heures d&rsquo;ouverture<\/a><\/strong> pour obtenir votre badge sur place.<\/p>\n<p><a class=\"cta-btn-contenu\" href=\"https:\/\/docs.google.com\/forms\/d\/e\/1FAIpQLSczt9jyFmKtgaE-280t-Fy7gj3hJRr-0Jfc0giZpiVR4OTPFQ\/viewform?usp=sharing&#038;ouid=103383261984307596433\" target=\"_blank\" rel=\"noopener\">Inscriptions en ligne!<\/a><\/div>\n<\/div>\n<div style=\"clear: both;\"><\/div>\n<div class=\"sous-section-titre\">\n<h2>H\u00f4tels <i class=\"demo-icon icon-building\"><\/i><\/h2>\n<\/div>\n<div class=\"sous-section-contenu\">\n<div class=\"content\">\u00c0 venir<br \/>\n<!--\n\n\n<h3>Grand Times H\u00f4tel ***<\/h3>\n\n\n530 Rue Saint- Amant, Drummondville, QC, J2C 6Z3\n819-474-5555 ou 1-844-474-5550\n<strong>Date limite:<\/strong> 15 juillet 2025\n\nPROC\u00c9DURE DE R\u00c9SERVATION\nR\u00e9servation par t\u00e9l\u00e9phone au 819-474-5555 avant le 15 juillet 2025\nCode de r\u00e9servation: VOCA082025\n\nTARIFS PR\u00c9F\u00c9RENTIEL\nTarif: 193.99$\/nuit\u00e9e, occ. simple ou double\nStationnement Gratuit - 20,00$ \/ pers. additionnelle\nD\u00e9jeuner continental inclus\n\n\n<h3>H\u00f4tel le Dauphin ***<\/h3>\n\n\n600 boul St-Joseph, Drummondville, Qc, J2C 2C1\n1-800-567-0995\n<strong>Date limite:<\/strong> 16 Juillet 2025\n\nPROC\u00c9DURE DE R\u00c9SERVATION\nR\u00e9servation par t\u00e9l\u00e9phone au 1-800-567-0995 avant le 17 juillet, 2024\nPour r\u00e9servation: <a href=\"https:\/\/secure.reservit.com\/reservit\/reserhotel.php?lang=FR&amp;partid=5403&amp;hotelid=118960&amp;action=resa&amp;redirectHOST=softbooker.reservit.com\" target=\"_blank\" rel=\"noopener\">Cliquez ici<\/a>\n\nTARIFS PR\u00c9F\u00c9RENTIEL\n16 ao\u00fbt 175,00$ \/ 17 et 18 ao\u00fbt 149,00$ \/ nuit\u00e9e, occ. simple ou double\n10,00$ \/ pers. additionnelle\nStationnement gratuit \/ D\u00e9jeuner am\u00e9ricain disponible pour 17,00$\n-->\n<\/div>\n<\/div>\n<div style=\"clear: both;\"><\/div>\n<div id=\"guide\" class=\"sous-section-titre\">\n<h2>Magazine VOCA<\/h2>\n<\/div>\n<div class=\"sous-section-contenu\">\n<div class=\"content\">\n<p>Tirez le maximum de profit de votre visite en <strong><a href=\"https:\/\/vocamode.ca\/pe\/informations-generales\/\">planifiant votre s\u00e9jour<\/a><\/strong> ici m\u00eame et en t\u00e9l\u00e9chargeant le magazine VOCA pens\u00e9 sur mesure pour l&rsquo;acheteur. Vous y trouverez une foule d&rsquo;informations pratiques:<\/p>\n<ul>\n<li>Liste des exposants<\/li>\n<li>Collections et marques repr\u00e9sent\u00e9es<\/li>\n<li>Activit\u00e9s au calendrier chaque jour<\/li>\n<li>Liste des conf\u00e9renciers et fournisseurs de service en vedette<\/li>\n<li>Partenaires de l\u2019\u00e9v\u00e9nement<\/li>\n<li>Et plus encore!<\/li>\n<\/ul>\n<p><img decoding=\"async\" class=\"alignnone wp-image-2596 size-full\" style=\"width: 50%; height: auto; padding-right: 50px; display: block;\" src=\"https:\/\/vocamode.ca\/pe\/wp-content\/uploads\/VOCA-Mode-Printemps-ete-2027-fr-1.jpg\" alt=\"\" width=\"600\" \/><br \/>\nVersion 2027 \u00e0 venir<\/p>\n<p><a class=\"cta-btn-contenu\" href=\"https:\/\/vocamode.ca\/pe\/voca-magazine-printempsete-2026\/\" rel=\"noopener\">Visualiser la derni\u00e8re \u00e9dition du VOCA Magazine (2026)<\/a><\/p>\n<\/div>\n<\/div>\n<div style=\"clear: both;\"><\/div>\n","protected":false},"excerpt":{"rendered":"<p>Pourquoi visiter VOCA VOCA mode Printemps + \u00c9t\u00e9 2027 au Centre des Congr\u00e8s de L\u00e9vis, Qu\u00e9bec, c\u2019est: VOCA mode Pintemps + \u00c9t\u00e9 2027 a \u00e9t\u00e9 cr\u00e9\u00e9 pour r\u00e9pondre \u00e0 vos besoins de d\u00e9taillant. On vous promet des activit\u00e9s qui se succ\u00e8dent \u00e0 un rythme tr\u00e9pidant pour vous offrir une exp\u00e9rience d\u2019achat excitante, efficace et profitable. <a href=\"https:\/\/vocamode.ca\/pe\/visiteurs\/\" class=\"more-link\">&#8230;<\/a><\/p>\n","protected":false},"author":1,"featured_media":2104,"parent":0,"menu_order":0,"comment_status":"closed","ping_status":"closed","template":"page-section.php","meta":{"footnotes":""},"categories":[],"tags":[],"acf":[],"_links":{"self":[{"href":"https:\/\/vocamode.ca\/pe\/wp-json\/wp\/v2\/pages\/1681"}],"collection":[{"href":"https:\/\/vocamode.ca\/pe\/wp-json\/wp\/v2\/pages"}],"about":[{"href":"https:\/\/vocamode.ca\/pe\/wp-json\/wp\/v2\/types\/page"}],"author":[{"embeddable":true,"href":"https:\/\/vocamode.ca\/pe\/wp-json\/wp\/v2\/users\/1"}],"replies":[{"embeddable":true,"href":"https:\/\/vocamode.ca\/pe\/wp-json\/wp\/v2\/comments?post=1681"}],"version-history":[{"count":93,"href":"https:\/\/vocamode.ca\/pe\/wp-json\/wp\/v2\/pages\/1681\/revisions"}],"predecessor-version":[{"id":3341,"href":"https:\/\/vocamode.ca\/pe\/wp-json\/wp\/v2\/pages\/1681\/revisions\/3341"}],"wp:featuredmedia":[{"embeddable":true,"href":"https:\/\/vocamode.ca\/pe\/wp-json\/wp\/v2\/media\/2104"}],"wp:attachment":[{"href":"https:\/\/vocamode.ca\/pe\/wp-json\/wp\/v2\/media?parent=1681"}],"wp:term":[{"taxonomy":"category","embeddable":true,"href":"https:\/\/vocamode.ca\/pe\/wp-json\/wp\/v2\/categories?post=1681"},{"taxonomy":"post_tag","embeddable":true,"href":"https:\/\/vocamode.ca\/pe\/wp-json\/wp\/v2\/tags?post=1681"}],"curies":[{"name":"wp","href":"https:\/\/api.w.org\/{rel}","templated":true}]}}