{"id":1208,"date":"2019-10-14T21:47:15","date_gmt":"2019-10-15T01:47:15","guid":{"rendered":"https:\/\/martingagne.com\/alix\/?page_id=1208"},"modified":"2026-04-09T22:50:49","modified_gmt":"2026-04-10T02:50:49","slug":"informations-generales","status":"publish","type":"page","link":"https:\/\/vocamode.ca\/pe\/informations-generales\/","title":{"rendered":"Informations g\u00e9n\u00e9rales"},"content":{"rendered":"<h3>Planifiez votre visite de A \u00e0 Z<\/h3>\n<p>VOCA a pens\u00e9 \u00e0 tout pour vous offrir une exp\u00e9rience \u00e9v\u00e9nementielle in\u00e9gal\u00e9e!<\/p>\n<div id=\"mission\" class=\"sous-section-titre\">\n<h2>Badge <i class=\"icon-id-badge\"><\/i><\/h2>\n<\/div>\n<div class=\"sous-section-contenu\">\n<div class=\"content\">Une fois inscrit, vous recevrez une confirmation par courriel. Acc\u00e9l\u00e9rez l&rsquo;acc\u00e8s \u00e0 l&rsquo;\u00e9v\u00e9nement en imprimant votre badge pour le pr\u00e9senter \u00e0 l&rsquo;accueil. Par souci \u00e9cologique, il est aussi possible de pr\u00e9senter votre inscription \u00e0 m\u00eame votre t\u00e9l\u00e9phone intelligent ou tablette pour visiter VOCA.<\/div>\n<\/div>\n<div style=\"clear: both;\"><\/div>\n<div id=\"equipe\" class=\"sous-section-titre\">\n<h2>Restauration <i class=\"icon-restaurant\"><\/i><\/h2>\n<\/div>\n<div class=\"sous-section-contenu\">\n<div class=\"content\">D\u00e9jeuners, cocktails 5@7 et restaurants sur place, VOCA vous aide \u00e0 faire le plein d&rsquo;id\u00e9es et \u00e0 nourrir votre inspiration du matin au soir. Si certains \u00e9v\u00e9nements comme nos cocktails sont RSVP, plusieurs aires de restauration offrent un menu vari\u00e9 et vous accueillent durant la journ\u00e9e.<\/div>\n<\/div>\n<div style=\"clear: both;\"><\/div>\n<div id=\"partenaires\" class=\"sous-section-titre\">\n<h2>H\u00f4tels <i class=\"icon-building\"><\/i><\/h2>\n<\/div>\n<div class=\"sous-section-contenu\">\n<div class=\"content\">Proximit\u00e9, confort, excellence : que vous soyez visiteur ou exposant, VOCA vous n\u00e9gocie des tarifs privil\u00e8ge dans les meilleurs h\u00f4tels environnants, avec les commodit\u00e9s et l&rsquo;acc\u00e8s que vous recherchez. <strong>Demandez votre code pr\u00e9f\u00e9rentiel et r\u00e9servez avant la date limite<\/strong> indiqu\u00e9e pour \u00e9viter tous tracas. <strong>R\u00e9servez aujourd&rsquo;hui votre h\u00e9bergement pour l&rsquo;\u00e9v\u00e9nement VOCA.<br \/>\n<\/strong><br \/>\n<strong>Nous avons n\u00e9goci\u00e9s des prix corporatifs pour vous avec les h\u00f4tels ci-bas :<\/strong><\/p>\n<p>\u00c0 venir<\/p>\n<p><!--[su_accordion class=\"hotel-accordeon\"][su_spoiler title=\"Grand Times H\u00f4tel\" open=\"no\" style=\"default\" icon=\"plus\" anchor=\"\" class=\"\"]\n<img decoding=\"async\" loading=\"lazy\" class=\"alignnone size-full wp-image-1944\" src=\"https:\/\/vocamode.ca\/pe\/wp-content\/uploads\/Picture1.jpg\" alt=\"grand-times\" width=\"250\" height=\"121\" \/>\n<strong>Grand Times Hotel :<\/strong>\n530 Rue Saint- Amant, Drummondville, QC, J2C 6Z3\n819-474-5555 ou 1-844-474-5550\n<strong>Date limite:<\/strong> 15 juillet 2025\n\nPROC\u00c9DURE DE R\u00c9SERVATION\nR\u00e9servation par t\u00e9l\u00e9phone au 819-474-5555 avant le 15 juillet 2025\nCode de r\u00e9servation: VOCA082025\n\nTARIFS PR\u00c9F\u00c9RENTIEL\nTarif: 193.99$\/nuit\u00e9e, occ. simple ou double\nStationnement Gratuit - 20,00$ \/ pers. additionnelle\nD\u00e9jeuner continental inclus[\/su_spoiler]\n[su_spoiler title=\"H\u00f4tel le dauphin\" open=\"no\" style=\"default\" icon=\"plus\" anchor=\"\" class=\"\"]\n<img decoding=\"async\" loading=\"lazy\" class=\"alignnone size-full wp-image-1944\" src=\"https:\/\/vocamode.ca\/pe\/wp-content\/uploads\/Picture2.jpg\" alt=\"grand-times\" width=\"250\" height=\"121\" \/>\n<strong>H\u00f4tel le Dauphin :<\/strong>\n600 boul St-Joseph, Drummondville, Qc, J2C 2C1\n1-800-567-0995\n<strong>Date limite:<\/strong> 16 Juillet 2025\n\nPROC\u00c9DURE DE R\u00c9SERVATION\nR\u00e9servation par t\u00e9l\u00e9phone au 1-800-567-0995 avant le 17 juillet, 2024\nPour r\u00e9servation: <a href=\"https:\/\/secure.reservit.com\/reservit\/reserhotel.php?lang=FR&amp;partid=5403&amp;hotelid=118960&amp;action=resa&amp;redirectHOST=softbooker.reservit.com\" target=\"_blank\" rel=\"noopener\">Cliquez ici<\/a>\n\nTARIFS PR\u00c9F\u00c9RENTIEL\n16 ao\u00fbt 175,00$ \/ 17 et 18 ao\u00fbt 149,00$ \/ nuit\u00e9e, occ. simple ou double\n10,00$ \/ pers. additionnelle\nStationnement gratuit \/ D\u00e9jeuner am\u00e9ricain disponible pour 17,00$\n[\/su_spoiler]\n\n[\/su_accordion]\n-->\n<\/div>\n<\/div>\n<div style=\"clear: both;\"><\/div>\n<div id=\"partenaires\" class=\"sous-section-titre\">\n<h2>Stationnement <i class=\"icon-cab\"><\/i><\/h2>\n<\/div>\n<div class=\"sous-section-contenu\">\n<div class=\"content\">Organis\u00e9s dans des centres urbains faciles d&rsquo;acc\u00e8s en voiture, les \u00e9v\u00e9nements VOCA font tout pour \u00e9lever votre exp\u00e9rience de visiteur. VOCA et le Centre des Congr\u00e8s de L\u00e9vis vous offrent le stationnement ext\u00e9rieur gratuit durant tout l&rsquo;\u00e9v\u00e9nement. Inscrivez-vous pour en profiter.<\/div>\n<div class=\"content\"><a href=\"https:\/\/docs.google.com\/forms\/d\/e\/1FAIpQLSczt9jyFmKtgaE-280t-Fy7gj3hJRr-0Jfc0giZpiVR4OTPFQ\/viewform\" target=\"_blank\" rel=\"noopener noreferrer\"><strong>OUI, je visite !<\/strong><\/a><\/div>\n<div><\/div>\n<\/div>\n<div id=\"partenaires\" class=\"sous-section-titre\">\n<h2>Vestiaire <i class=\"icon-tag\"><\/i><\/h2>\n<\/div>\n<div class=\"sous-section-contenu\">\n<div class=\"content\">Prenez vos aises! Un service de vestiaire est mis \u00e0 votre disposition dans les divers centres d&rsquo;exposition soigneusement choisis par VOCA pour la commodit\u00e9 de leurs services. Lors de l&rsquo;\u00e9v\u00e9nement VOCA, le vestiaire au Centrexpo vous est offert au co\u00fbt modique de 2 $ par personne.<\/div>\n<\/div>\n<div style=\"clear: both;\"><\/div>\n<div id=\"partenaires\" class=\"sous-section-titre\">\n<h2>Comment se rendre <i class=\"icon-location-1\"><\/i><\/h2>\n<\/div>\n<div class=\"sous-section-contenu\">\n<div class=\"content\"><div class=\"su-gmap su-u-responsive-media-yes\"><iframe width=\"600\" height=\"400\" src=\"\/\/maps.google.com\/maps?q=5750%20Rue%20J.-B.-%20Michaud%2C%20L%C3%A9vis%2C%20%28Qu%C3%A9bec%29%20G6V%200A4&amp;output=embed&amp;z=13\" title=\" Centre des congr\u00e8s de L\u00e9vis\"><\/iframe><\/div><\/div>\n<div class=\"content\"><strong>Centre des congr\u00e8s de L\u00e9vis<\/strong><\/div>\n<div class=\"content\">Le Centre des congr\u00e8s de L\u00e9vis est situ\u00e9 juste \u00e0 c\u00f4t\u00e9 de l\u2019autoroute 20 et est facilement accessible en voiture. Pour aller \u00e0 Qu\u00e9bec, la traverse Qu\u00e9bec-L\u00e9vis est \u00e0 5 minutes du centre.<\/div>\n<div class=\"content\">Entr\u00e9e des visiteurs : 5750, rue J.-B.-Michaud, L\u00e9vis (QC) G6V 0B1<\/div>\n<div class=\"content\">\n<!--\n<strong>Coordonn\u00e9es GPS<\/strong>\n\nLatitude: 45.89519\nLongitude: \u2013 72.51331\nAltitude: 78 m\u00e8tres\n\n<strong>En provenance de\u00a0l\u2019Autoroute 20<\/strong>\n\n\n<ul>\n \t\n\n<li>\u00c0 Drummondville, prendre la sortie 177\nen direction du Boulevard Saint-Joseph\/QC-143 S<\/li>\n\n\n \t\n\n<li>En provenance de Montr\u00e9al, tourner \u00e0 droite sur le boulevard St-Joseph<\/li>\n\n\n \t\n\n<li>En provenance de Qu\u00e9bec, tourner \u00e0 gauche sur le boulevard St-Joseph<\/li>\n\n\n \t\n\n<li>Tourner \u00e0 gauche sur le boulevard Ren\u00e9-L\u00e9vesque<\/li>\n\n\n \t\n\n<li>Tourner \u00e0 droite sur le boulevard des Pins<\/li>\n\n\n \t\n\n<li>Prendre la 2e\u00a0entr\u00e9e pour acc\u00e9der au stationnement principal.<\/li>\n\n\n<\/ul>\n\n\n<strong>En provenance de l\u2019Autoroute 55 Nord<\/strong>\n\n\n<ul>\n \t\n\n<li>Suivre\u00a0Autoroute 55 N<\/li>\n\n\n \t\n\n<li>Prendre la sortie\u00a0128\u00a0pour\u00a0Autoroute 20 E\/Autoroute 55 N\u00a0en direction de\u00a0Qu\u00e9bec<\/li>\n\n\n \t\n\n<li>Suivre\u00a0Autoroute 20 E<\/li>\n\n\n \t\n\n<li>\u00c0 Drummondville, prendre la sortie\u00a0177\nen direction du Boulevard Saint-Joseph\/QC-143 S<\/li>\n\n\n \t\n\n<li>Tourner \u00e0 droite sur le boulevard St-Joseph<\/li>\n\n\n \t\n\n<li>Tourner \u00e0 gauche sur le boulevard Ren\u00e9-L\u00e9vesque<\/li>\n\n\n \t\n\n<li>Tourner \u00e0 droite sur le boulevard des Pins<\/li>\n\n\n \t\n\n<li>Prendre la 2e\u00a0entr\u00e9e pour acc\u00e9der au stationnement principal.<\/li>\n\n\n<\/ul>\n\n\n<strong>En provenance de l\u2019Autoroute 55 Sud<\/strong>\n\n\n<ul>\n \t\n\n<li>Suivre Autoroute 55 S<\/li>\n\n\n \t\n\n<li>Prendre la sortie\u00a0145\u00a0pour rejoindre\u00a0Autoroute 20 O\u00a0en direction de\u00a0Drummondville\/Montr\u00e9al<\/li>\n\n\n \t\n\n<li>Suivre Autoroute 20 O<\/li>\n\n\n \t\n\n<li>\u00c0 Drummondville, prendre la sortie\u00a0177\nen direction du Boulevard Saint-Joseph\/QC-143 S<\/li>\n\n\n \t\n\n<li>Tourner \u00e0 gauche\u00a0sur le boulevard St-Joseph<\/li>\n\n\n \t\n\n<li>Tourner \u00e0 gauche sur le boulevard Ren\u00e9-L\u00e9vesque<\/li>\n\n\n \t\n\n<li>Tourner \u00e0 droite sur le boulevard des Pins<\/li>\n\n\n \t\n\n<li>Prendre la 2e\u00a0entr\u00e9e pour acc\u00e9der au stationnement principal.<\/li>\n\n\n<\/ul>\n\n\n<strong>Gare \u2013 VIA Rail<\/strong>\n\n263, rue Lindsay, Drummondville \u2013 3 kilom\u00e8tres\nVous pouvez utiliser, le transport en commun (parcours 3), desservit par la Ville de Drummondville ou faire appel au service d\u2019un taxi pour vous rendre.\n\n<a href=\"http:\/\/www.viarail.ca\" target=\"_blank\" rel=\"noopener noreferrer\">www.viarail.ca<\/a>\n\n<strong>Terminus d\u2019autobus \u2013 Orl\u00e9ans Express<\/strong>\n\n375, rue Janelle, Drummondville \u2013 700 m\u00e8tres\n\n\n<ul>\n \t\n\n<li>Aller en direction nord-est sur Rue Janelle vers Rue Foster<\/li>\n\n\n \t\n\n<li>Tourner \u00e0 gauche sur Boulevard Saint-Joseph\/QC-143 N<\/li>\n\n\n \t\n\n<li>Tourner \u00e0 droite sur Rue de Boucherville<\/li>\n\n\n \t\n\n<li>Tourner \u00e0 gauche sur Rue Saint Amant<\/li>\n\n\n<\/ul>\n\n\n<a href=\"http:\/\/www.orleansexpress.com\" target=\"_blank\" rel=\"noopener noreferrer\">www.orleansexpress.com<\/a>\n\n<strong>A\u00e9roport de Drummondville<\/strong>\n\n4789, boulevard Allard, Drummondville \u2013 13,9 kilom\u00e8tres\nService de nolisement, sur demande.\n\n<a href=\"http:\/\/www.aeroportdrummondville.com\" target=\"_blank\" rel=\"noopener noreferrer\">www.aeroportdrummondville.com<\/a>--><\/p>\n<p><!--<a class=\"cta-btn-contenu\" href=\"#\" target=\"_blank\" rel=\"noopener noreferrer\">Imprimer l'itin\u00e9raire<\/a>--><\/p>\n<\/div>\n<\/div>\n","protected":false},"excerpt":{"rendered":"<p>Planifiez votre visite de A \u00e0 Z VOCA a pens\u00e9 \u00e0 tout pour vous offrir une exp\u00e9rience \u00e9v\u00e9nementielle in\u00e9gal\u00e9e! Badge Une fois inscrit, vous recevrez une confirmation par courriel. Acc\u00e9l\u00e9rez l&rsquo;acc\u00e8s \u00e0 l&rsquo;\u00e9v\u00e9nement en imprimant votre badge pour le pr\u00e9senter \u00e0 l&rsquo;accueil. Par souci \u00e9cologique, il est aussi possible de pr\u00e9senter votre inscription \u00e0 m\u00eame <a href=\"https:\/\/vocamode.ca\/pe\/informations-generales\/\" class=\"more-link\">&#8230;<\/a><\/p>\n","protected":false},"author":1,"featured_media":2104,"parent":0,"menu_order":0,"comment_status":"closed","ping_status":"closed","template":"page-section.php","meta":{"footnotes":""},"categories":[],"tags":[],"acf":[],"_links":{"self":[{"href":"https:\/\/vocamode.ca\/pe\/wp-json\/wp\/v2\/pages\/1208"}],"collection":[{"href":"https:\/\/vocamode.ca\/pe\/wp-json\/wp\/v2\/pages"}],"about":[{"href":"https:\/\/vocamode.ca\/pe\/wp-json\/wp\/v2\/types\/page"}],"author":[{"embeddable":true,"href":"https:\/\/vocamode.ca\/pe\/wp-json\/wp\/v2\/users\/1"}],"replies":[{"embeddable":true,"href":"https:\/\/vocamode.ca\/pe\/wp-json\/wp\/v2\/comments?post=1208"}],"version-history":[{"count":122,"href":"https:\/\/vocamode.ca\/pe\/wp-json\/wp\/v2\/pages\/1208\/revisions"}],"predecessor-version":[{"id":3337,"href":"https:\/\/vocamode.ca\/pe\/wp-json\/wp\/v2\/pages\/1208\/revisions\/3337"}],"wp:featuredmedia":[{"embeddable":true,"href":"https:\/\/vocamode.ca\/pe\/wp-json\/wp\/v2\/media\/2104"}],"wp:attachment":[{"href":"https:\/\/vocamode.ca\/pe\/wp-json\/wp\/v2\/media?parent=1208"}],"wp:term":[{"taxonomy":"category","embeddable":true,"href":"https:\/\/vocamode.ca\/pe\/wp-json\/wp\/v2\/categories?post=1208"},{"taxonomy":"post_tag","embeddable":true,"href":"https:\/\/vocamode.ca\/pe\/wp-json\/wp\/v2\/tags?post=1208"}],"curies":[{"name":"wp","href":"https:\/\/api.w.org\/{rel}","templated":true}]}}