{"id":2130,"date":"2020-01-02T22:03:16","date_gmt":"2020-01-03T03:03:16","guid":{"rendered":"https:\/\/vocamode.ca\/pe\/?page_id=2130"},"modified":"2026-04-09T22:49:54","modified_gmt":"2026-04-10T02:49:54","slug":"plan-your-visit","status":"publish","type":"page","link":"https:\/\/vocamode.ca\/pe\/en\/plan-your-visit\/","title":{"rendered":"Plan your visit"},"content":{"rendered":"<h3>Plan your visit from A to Z<\/h3>\n<p>VOCA has planned everything to provide you with an unmatched event experience!<\/p>\n<div id=\"mission\" class=\"sous-section-titre\">\n<h2>Badge <i class=\"icon-id-badge\"><\/i><\/h2>\n<\/div>\n<div class=\"sous-section-contenu\">\n<div class=\"content\">Once you have registered, you will receive a confirmation by email. In order to accelerate your access to the event, print your badge to present it at the entrance. It is also possible to present your registration on your smart phone or tablet to get access to VOCA.<\/div>\n<\/div>\n<div style=\"clear: both;\"><\/div>\n<div id=\"equipe\" class=\"sous-section-titre\">\n<h2>Catering <i class=\"icon-restaurant\"><\/i><\/h2>\n<\/div>\n<div class=\"sous-section-contenu\">\n<div class=\"content\">VOCA helps you fill up on ideas and inspiration from morning to evening with breakfasts cocktails and on-site restaurants. While some events, such as our cocktails, are RSVP&#8217;d, several food courts offer a varied menu and welcome you throughout the day.<\/div>\n<\/div>\n<div style=\"clear: both;\"><\/div>\n<div id=\"partenaires\" class=\"sous-section-titre\">\n<h2>Hotels <i class=\"icon-building\"><\/i><\/h2>\n<\/div>\n<div class=\"sous-section-contenu\">\n<div class=\"content\">Proximity, comfort, excellence: whether you are a visitor or an exhibitor, VOCA negotiates special rates in the best surrounding hotels, with the amenities and easy access you are looking for. Ask for your preferential code and book before the indicated deadline for a smooth booking process.<\/div>\n<div class=\"content\"><strong><span style=\"text-transform: uppercase;\">Available VOCA packages:<\/span><\/strong><\/p>\n<p>Coming soon<br \/>\n<!--\n<span style=\"display: inline-block; width: 0px; overflow: hidden; line-height: 0;\" data-mce-type=\"bookmark\" class=\"mce_SELRES_start\"><\/span>[su_accordion class=\"hotel-accordeon\"]\n[su_spoiler title=\"Grand Times H\u00f4tel\" open=\"no\" style=\"default\" icon=\"plus\" anchor=\"\" class=\"\"]\n<img decoding=\"async\" loading=\"lazy\" class=\"alignnone size-full wp-image-1944\" src=\"https:\/\/vocamode.ca\/pe\/wp-content\/uploads\/Picture1.jpg\" alt=\"grand-times\" width=\"250\" height=\"121\" \/>\n<strong>Grand Times H\u00f4tel ***<\/strong>\n530 Rue Saint- Amant, Drummondville, QC, J2C 6Z3\n819-474-5555 or 1-844-474-5550\n<strong>Deadline<\/strong>: July 15, 2025\n\nRESERVATION PROCEDURE\nReservation by phone at 819-474-5555 before July 15, 2025\nReservation code: VOCA082025\n\nPREFERENTIAL RATES\nRate: 193,99$ - Night, single or double occ.\nFree parking - $20.00 \/ additional person\nContinental breakfast included[\/su_spoiler][su_spoiler title=\"H\u00f4tel le dauphin\" open=\"no\" style=\"default\" icon=\"plus\" anchor=\"\" class=\"\"]<img decoding=\"async\" loading=\"lazy\" class=\"alignnone size-full wp-image-1944\" src=\"https:\/\/vocamode.ca\/pe\/wp-content\/uploads\/Picture2.jpg\" alt=\"grand-times\" width=\"250\" height=\"121\" \/>\n<strong>H\u00f4tel le Dauphin ***<\/strong>\n600 boul St-Joseph, Drummondville, Qc, J2C 2C1\n1-800-567-0995\n<strong>Deadline:<\/strong> July 16, 2025\n\nRESERVATION PROCEDURE\nReservations by telephone at 1-800-567-0995 before July 16, 2025\nReservation link: <a href=\"https:\/\/secure.reservit.com\/reservit\/reserhotel.php?lang=EN&amp;partid=5403&amp;hotelid=118960&amp;action=resa&amp;redirectHOST=softbooker.reservit.com\" target=\"_blank\" rel=\"noopener\">Click here<\/a>\n\nPREFERENTIAL RATES\nAugust 16 $175.00 \/ August 17 and 18 $149.00 \/ night, single or double occ.\n$10.00 \/ additional pers.\nFree parking \/ American breakfast available for $17.00\n\n[\/su_spoiler]\n[\/su_accordion ]-->\n<\/div>\n<\/div>\n<div style=\"clear: both;\"><\/div>\n<div id=\"partenaires\" class=\"sous-section-titre\">\n<h2>Parking <i class=\"icon-cab\"><\/i><\/h2>\n<\/div>\n<div class=\"sous-section-contenu\">\n<div class=\"content\">VOCA events are held in urban centres that are easily accessible by car, and are designed to enhance your visitor experience. Throughout the event, benefit from free outdoor parking offered by VOCA and the L\u00e9vis Congress Center. All you need is just to register to take advantage of it.<\/div>\n<\/div>\n<div id=\"partenaires\" class=\"sous-section-titre\">\n<h2>Cloak room <i class=\"icon-tag\"><\/i><\/h2>\n<\/div>\n<div class=\"sous-section-contenu\">\n<div class=\"content\">Relax! A cloak room service is available at the various tradeshow venues that have been carefully selected by VOCA for the convenience of their services. During the event, the cloack room service is offered for the modest cost of $2 per person.<\/div>\n<\/div>\n<div style=\"clear: both;\"><\/div>\n<div id=\"partenaires\" class=\"sous-section-titre\">\n<h2>How to get there <i class=\"icon-location-1\"><\/i><\/h2>\n<\/div>\n<div class=\"sous-section-contenu\">\n<div class=\"content\"><div class=\"su-gmap su-u-responsive-media-yes\"><iframe width=\"600\" height=\"400\" src=\"\/\/maps.google.com\/maps?q=5750%20Rue%20J.-B.-%20Michaud%2C%20L%C3%A9vis%2C%20%28Qu%C3%A9bec%29%20G6V%200A4&amp;output=embed&amp;z=13\" title=\"L\u00e9vis Congress Center\"><\/iframe><\/div><\/div>\n<div class=\"content\"><strong>L\u00e9vis Congress Center<\/strong><\/div>\n<div class=\"content\">The Centre des congr\u00e8s de L\u00e9vis is located right next to Highway 20 and is easily accessible by car. To get to Quebec City, the Qu\u00e9bec-L\u00e9vis ferry is just 5 minutes from the center.<\/div>\n<div class=\"content\">Visitors&#8217; entrance: 5750 Rue J.-B.- Michaud, L\u00e9vis, (Qu\u00e9bec) G6V 0A4<\/div>\n<div class=\"content\">\n<!--\n<strong>GPS coordinates<\/strong>\n\nLatitude: 45.89519\nLongitude: \u2013 72.51331\nAltitude: 78 meters\n\n<strong>From Autoroute 20<\/strong>\n\n\n<ul>\n \t\n\n<li>In Drummondville, take exit 177 toward Boulevard Saint-Joseph\/QC-143 S<\/li>\n\n\n \t\n\n<li>Coming from Montreal, turn right on Boulevard St-Joseph<\/li>\n\n\n \t\n\n<li>Coming from Qu\u00e9bec City, turn left on Boulevard St-Joseph<\/li>\n\n\n \t\n\n<li>Turn left on Boulevard Ren\u00e9-L\u00e9vesque<\/li>\n\n\n \t\n\n<li>Turn right on Boulevard des Pins<\/li>\n\n\n \t\n\n<li>Take the 2<sup>nd<\/sup> entrance to access the main parking lot.<\/li>\n\n\n<\/ul>\n\n\n<strong>From Autoroute 55 Nord<\/strong>\n\n\n<ul>\n \t\n\n<li>Follow Autoroute 55 N<\/li>\n\n\n \t\n\n<li>Take exit 128 for Autoroute 20 E\/Autoroute 55 N toward Qu\u00e9bec City<\/li>\n\n\n \t\n\n<li>Follow Autoroute 20 E<\/li>\n\n\n \t\n\n<li>In Drummondville, take exit 177 toward Boulevard Saint-Joseph\/QC-143 S<\/li>\n\n\n \t\n\n<li>Turn right on Boulevard St-Joseph<\/li>\n\n\n \t\n\n<li>Turn left on Boulevard Ren\u00e9-L\u00e9vesque<\/li>\n\n\n \t\n\n<li>Turn right on Boulevard des Pins<\/li>\n\n\n \t\n\n<li>Take the 2<sup>nd<\/sup> entrance to access the main parking lot.<\/li>\n\n\n<\/ul>\n\n\n<strong>From Autoroute 55 Sud<\/strong>\n\n\n<ul>\n \t\n\n<li>Follow Autoroute 55 S<\/li>\n\n\n \t\n\n<li>Take exit 145 to merge onto Autoroute 20 O toward Drummondville\/Montr\u00e9al<\/li>\n\n\n \t\n\n<li>Follow Autoroute 20 W<\/li>\n\n\n \t\n\n<li>In Drummondville, take exit 177 toward Boulevard Saint-Joseph\/QC-143 S<\/li>\n\n\n \t\n\n<li>Turn left on Boulevard St-Joseph<\/li>\n\n\n \t\n\n<li>Turn left on Boulevard Ren\u00e9-L\u00e9vesque<\/li>\n\n\n \t\n\n<li>Turn right on Boulevard des Pins<\/li>\n\n\n \t\n\n<li>Take the 2<sup>nd<\/sup> entrance to access the main parking lot.<\/li>\n\n\n<\/ul>\n\n\n<strong>VIA Rail train station<\/strong>\n\n263 Rue Lindsay, Drummondville - 3 kilometres\nYou can use public transit (Itinerary 3 offer by the City of Drummondville or take a taxi to get there.\n\n<a href=\"http:\/\/www.viarail.ca\" target=\"_blank\" rel=\"noopener noreferrer\">www.viarail.ca<\/a>\n\n<strong>Bus terminal - Orl\u00e9ans Express<\/strong>\n\n375 Rue Janelle, Drummondville \u2013 700 meters\n\n\n<ul>\n \t\n\n<li>Head northeast on Rue Janelle toward Rue Foster<\/li>\n\n\n \t\n\n<li>Turn left on Boulevard Saint-Joseph\/QC-143 N<\/li>\n\n\n \t\n\n<li>Turn right on Rue de Boucherville<\/li>\n\n\n \t\n\n<li>Turn left on Rue Saint Amant<\/li>\n\n\n<\/ul>\n\n\n<a href=\"http:\/\/www.orleansexpress.com\" target=\"_blank\" rel=\"noopener noreferrer\">www.orleansexpress.com<\/a>\n\n<strong>Drummondville Airport<\/strong>\n\n4789, boulevard Allard, Drummondville \u2013 13,9 kilometres\nCharter service, on request.\n\n<a href=\"http:\/\/www.aeroportdrummondville.com\" target=\"_blank\" rel=\"noopener noreferrer\">www.aeroportdrummondville.com<\/a>\n\n&nbsp;\n--><br \/>\n<!--<a class=\"cta-btn-contenu\" href=\"#\" target=\"_blank\" rel=\"noopener noreferrer\">Print itinerary<\/a>--><\/p>\n<\/div>\n<\/div>\n","protected":false},"excerpt":{"rendered":"<p>Plan your visit from A to Z VOCA has planned everything to provide you with an unmatched event experience! Badge Once you have registered, you will receive a confirmation by email. In order to accelerate your access to the event, print your badge to present it at the entrance. It is also possible to present <a href=\"https:\/\/vocamode.ca\/pe\/en\/plan-your-visit\/\" class=\"more-link\">&#8230;<\/a><\/p>\n","protected":false},"author":1,"featured_media":2103,"parent":0,"menu_order":0,"comment_status":"closed","ping_status":"closed","template":"page-section.php","meta":{"footnotes":""},"categories":[],"tags":[],"acf":[],"_links":{"self":[{"href":"https:\/\/vocamode.ca\/pe\/en\/wp-json\/wp\/v2\/pages\/2130"}],"collection":[{"href":"https:\/\/vocamode.ca\/pe\/en\/wp-json\/wp\/v2\/pages"}],"about":[{"href":"https:\/\/vocamode.ca\/pe\/en\/wp-json\/wp\/v2\/types\/page"}],"author":[{"embeddable":true,"href":"https:\/\/vocamode.ca\/pe\/en\/wp-json\/wp\/v2\/users\/1"}],"replies":[{"embeddable":true,"href":"https:\/\/vocamode.ca\/pe\/en\/wp-json\/wp\/v2\/comments?post=2130"}],"version-history":[{"count":54,"href":"https:\/\/vocamode.ca\/pe\/en\/wp-json\/wp\/v2\/pages\/2130\/revisions"}],"predecessor-version":[{"id":3336,"href":"https:\/\/vocamode.ca\/pe\/en\/wp-json\/wp\/v2\/pages\/2130\/revisions\/3336"}],"wp:featuredmedia":[{"embeddable":true,"href":"https:\/\/vocamode.ca\/pe\/en\/wp-json\/wp\/v2\/media\/2103"}],"wp:attachment":[{"href":"https:\/\/vocamode.ca\/pe\/en\/wp-json\/wp\/v2\/media?parent=2130"}],"wp:term":[{"taxonomy":"category","embeddable":true,"href":"https:\/\/vocamode.ca\/pe\/en\/wp-json\/wp\/v2\/categories?post=2130"},{"taxonomy":"post_tag","embeddable":true,"href":"https:\/\/vocamode.ca\/pe\/en\/wp-json\/wp\/v2\/tags?post=2130"}],"curies":[{"name":"wp","href":"https:\/\/api.w.org\/{rel}","templated":true}]}}