{"id":2123,"date":"2020-01-02T21:54:35","date_gmt":"2020-01-03T02:54:35","guid":{"rendered":"https:\/\/vocamode.ca\/pe\/?page_id=2123"},"modified":"2026-04-09T22:35:46","modified_gmt":"2026-04-10T02:35:46","slug":"program","status":"publish","type":"page","link":"https:\/\/vocamode.ca\/pe\/en\/program\/","title":{"rendered":"Program"},"content":{"rendered":"<div><img decoding=\"async\" loading=\"lazy\" class=\"centre-expo\" src=\"https:\/\/vocamode.ca\/pe\/wp-content\/uploads\/Centre-de-Congres-Levis.jpg\" alt=\"centre-expo\" width=\"800\" height=\"398\" \/><\/div>\n<h5>From August 16 to 18, 2026<br \/>\n<strong>VOCA mode Spring + Summer 2027 welcomes you at the L\u00e9vis Congress Center<\/strong><\/h5>\n<p><strong>5750 Rue J.-B.- Michaud,<br \/>\nL\u00e9vis, QC G6V 0A4<\/strong><\/p>\n<div class=\"sous-section-titre\">\n<h2>Magazine<\/h2>\n<\/div>\n<div class=\"sous-section-contenu sanstitre\">\n<p><img decoding=\"async\" loading=\"lazy\" style=\"width: 30%; height: auto; padding-right: 50px; display: block;\" src=\"https:\/\/vocamode.ca\/pe\/wp-content\/uploads\/VOCA-Mode-Printemps-ete-2027-en.jpg\" alt=\"Image Lancement Fille English\" width=\"1024\" height=\"1024\" \/><br \/>\nComing Soon<br \/>\n<!--<strong><a href=\"\/pe\/en\/voca-magazine-printempsete-2026\/\" target=\"_blank\" rel=\"noopener\">View the VOCA Magazine\nSpring+Summer 2026<\/a><\/strong>--><\/p>\n<\/div>\n<div style=\"clear: both;\"><\/div>\n<div class=\"sous-section-titre\">\n<h2>Program<\/h2>\n<\/div>\n<div class=\"sous-section-contenu sanstitre\">\n<p><strong>CONFERENCE<\/strong><br \/>\nComing Soon<\/p>\n<p><strong>SOIR\u00c9E DE L\u2019INDUSTRIE<\/strong><br \/>\nComing Soon<\/p>\n<\/div>\n<div style=\"clear: both;\"><\/div>\n<div class=\"sous-section-titre\">\n<h2>Opening Hours<\/h2>\n<\/div>\n<div class=\"sous-section-contenu sanstitre\">\n<ul style=\"margin-top: 0; margin-left: 0;\">\n<li>Sunday, August 16 from 9:00 a.m. to 6:00 p.m.<\/li>\n<li>Monday, August 17 from 9:00 a.m. to 6:00 p.m.<\/li>\n<li>Tuesday, August 18 from 9:00 a.m. to 4:00 p.m.<\/li>\n<\/ul>\n<\/div>\n<div style=\"clear: both;\"><\/div>\n","protected":false},"excerpt":{"rendered":"<p>From August 16 to 18, 2026 VOCA mode Spring + Summer 2027 welcomes you at the L\u00e9vis Congress Center 5750 Rue J.-B.- Michaud, L\u00e9vis, QC G6V 0A4 Magazine Coming Soon Program CONFERENCE Coming Soon SOIR\u00c9E DE L\u2019INDUSTRIE Coming Soon Opening Hours Sunday, August 16 from 9:00 a.m. to 6:00 p.m. Monday, August 17 from 9:00 <a href=\"https:\/\/vocamode.ca\/pe\/en\/program\/\" class=\"more-link\">&#8230;<\/a><\/p>\n","protected":false},"author":1,"featured_media":2103,"parent":0,"menu_order":0,"comment_status":"closed","ping_status":"closed","template":"page-section.php","meta":{"footnotes":""},"categories":[],"tags":[],"acf":[],"_links":{"self":[{"href":"https:\/\/vocamode.ca\/pe\/en\/wp-json\/wp\/v2\/pages\/2123"}],"collection":[{"href":"https:\/\/vocamode.ca\/pe\/en\/wp-json\/wp\/v2\/pages"}],"about":[{"href":"https:\/\/vocamode.ca\/pe\/en\/wp-json\/wp\/v2\/types\/page"}],"author":[{"embeddable":true,"href":"https:\/\/vocamode.ca\/pe\/en\/wp-json\/wp\/v2\/users\/1"}],"replies":[{"embeddable":true,"href":"https:\/\/vocamode.ca\/pe\/en\/wp-json\/wp\/v2\/comments?post=2123"}],"version-history":[{"count":69,"href":"https:\/\/vocamode.ca\/pe\/en\/wp-json\/wp\/v2\/pages\/2123\/revisions"}],"predecessor-version":[{"id":3332,"href":"https:\/\/vocamode.ca\/pe\/en\/wp-json\/wp\/v2\/pages\/2123\/revisions\/3332"}],"wp:featuredmedia":[{"embeddable":true,"href":"https:\/\/vocamode.ca\/pe\/en\/wp-json\/wp\/v2\/media\/2103"}],"wp:attachment":[{"href":"https:\/\/vocamode.ca\/pe\/en\/wp-json\/wp\/v2\/media?parent=2123"}],"wp:term":[{"taxonomy":"category","embeddable":true,"href":"https:\/\/vocamode.ca\/pe\/en\/wp-json\/wp\/v2\/categories?post=2123"},{"taxonomy":"post_tag","embeddable":true,"href":"https:\/\/vocamode.ca\/pe\/en\/wp-json\/wp\/v2\/tags?post=2123"}],"curies":[{"name":"wp","href":"https:\/\/api.w.org\/{rel}","templated":true}]}}