{"id":1524,"date":"2019-07-07T20:43:12","date_gmt":"2019-07-07T20:43:12","guid":{"rendered":"https:\/\/dravas.ca\/armq\/?page_id=1524"},"modified":"2026-04-08T21:07:52","modified_gmt":"2026-04-09T01:07:52","slug":"accueil","status":"publish","type":"page","link":"https:\/\/vocamode.ca\/en\/","title":{"rendered":"Accueil"},"content":{"rendered":"\t\t<div data-elementor-type=\"wp-page\" data-elementor-id=\"1524\" class=\"elementor elementor-1524 elementor-2\" data-elementor-post-type=\"page\">\n\t\t\t\t\t\t<section class=\"elementor-section elementor-top-section elementor-element elementor-element-172e736 elementor-section-boxed elementor-section-height-default elementor-section-height-default\" data-id=\"172e736\" data-element_type=\"section\">\n\t\t\t\t\t\t<div class=\"elementor-container elementor-column-gap-default\">\n\t\t\t\t\t<div class=\"elementor-column elementor-col-100 elementor-top-column elementor-element elementor-element-e116053\" data-id=\"e116053\" data-element_type=\"column\">\n\t\t\t<div class=\"elementor-widget-wrap elementor-element-populated\">\n\t\t\t\t\t\t<div class=\"elementor-element elementor-element-9325567 elementor-widget elementor-widget-heading\" data-id=\"9325567\" data-element_type=\"widget\" data-widget_type=\"heading.default\">\n\t\t\t\t<div class=\"elementor-widget-container\">\n\t\t\t<h2 class=\"elementor-heading-title elementor-size-xl\">Next event<\/h2>\t\t<\/div>\n\t\t\t\t<\/div>\n\t\t\t\t\t<\/div>\n\t\t<\/div>\n\t\t\t\t\t<\/div>\n\t\t<\/section>\n\t\t\t\t<section class=\"elementor-section elementor-top-section elementor-element elementor-element-3172e21 elementor-section-full_width elementor-section-content-top elementor-section-height-default elementor-section-height-default\" data-id=\"3172e21\" data-element_type=\"section\">\n\t\t\t\t\t\t<div class=\"elementor-container elementor-column-gap-no\">\n\t\t\t\t\t<div class=\"elementor-column elementor-col-100 elementor-top-column elementor-element elementor-element-76d7d8a\" data-id=\"76d7d8a\" data-element_type=\"column\">\n\t\t\t<div class=\"elementor-widget-wrap elementor-element-populated\">\n\t\t\t\t\t\t<div class=\"elementor-element elementor-element-4c36a0d elementor-widget elementor-widget-heading\" data-id=\"4c36a0d\" data-element_type=\"widget\" data-widget_type=\"heading.default\">\n\t\t\t\t<div class=\"elementor-widget-container\">\n\t\t\t<h4 class=\"elementor-heading-title elementor-size-default\">VOCA mode<br>Spring + Summer 2027<\/h4>\t\t<\/div>\n\t\t\t\t<\/div>\n\t\t\t\t<div class=\"elementor-element elementor-element-1017295 elementor-widget elementor-widget-image\" data-id=\"1017295\" data-element_type=\"widget\" data-widget_type=\"image.default\">\n\t\t\t\t<div class=\"elementor-widget-container\">\n\t\t\t\t\t\t\t\t\t\t\t\t\t\t<a href=\"https:\/\/vocamode.ca\/pe\/\" target=\"_blank\">\n\t\t\t\t\t\t\t<img decoding=\"async\" src=\"https:\/\/vocamode.ca\/wp-content\/uploads\/elementor\/thumbs\/VOCA-Mode-Printemps-ete-2027-fr-1-rlqb719f8n1q98dnr7w547r3bbt897by4vo8ybvfkw.jpg\" title=\"VOCA-Mode-Printemps-ete-2027-fr.jpg\" alt=\"Voca Mode Printemps Ete 2027 Fr.jpg\" loading=\"lazy\" \/>\t\t\t\t\t\t\t\t<\/a>\n\t\t\t\t\t\t\t\t\t\t\t\t\t<\/div>\n\t\t\t\t<\/div>\n\t\t\t\t<div class=\"elementor-element elementor-element-510a42a elementor-widget elementor-widget-text-editor\" data-id=\"510a42a\" data-element_type=\"widget\" data-widget_type=\"text-editor.default\">\n\t\t\t\t<div class=\"elementor-widget-container\">\n\t\t\t\t\t\t\tDate : <strong>16-17-18 ao\u00fbt, 2026,<\/strong><br class=\"a\" \/>Centre de Congr\u00e8s de L\u00e9vis, Qu\u00e9bec<br class=\"a\" \/>\n<a class=\"event-list-link\" href=\"http:\/\/vocamode.ca\/pe\/en\" target=\"_blank\" rel=\"noopener noreferrer\"><strong>See all details\u00a0<\/strong><\/a>\t\t\t\t\t\t<\/div>\n\t\t\t\t<\/div>\n\t\t\t\t\t<\/div>\n\t\t<\/div>\n\t\t\t\t\t<\/div>\n\t\t<\/section>\n\t\t\t\t<section class=\"elementor-section elementor-top-section elementor-element elementor-element-75aefb44 elementor-section-content-middle elementor-section-boxed elementor-section-height-default elementor-section-height-default\" data-id=\"75aefb44\" data-element_type=\"section\" data-settings=\"{&quot;background_background&quot;:&quot;classic&quot;}\">\n\t\t\t\t\t\t<div class=\"elementor-container elementor-column-gap-default\">\n\t\t\t\t\t<div class=\"elementor-column elementor-col-100 elementor-top-column elementor-element elementor-element-37be551e\" data-id=\"37be551e\" data-element_type=\"column\">\n\t\t\t<div class=\"elementor-widget-wrap elementor-element-populated\">\n\t\t\t\t\t\t<div class=\"elementor-element elementor-element-5358ad14 elementor-widget elementor-widget-video\" data-id=\"5358ad14\" data-element_type=\"widget\" data-settings=\"{&quot;youtube_url&quot;:&quot;https:\\\/\\\/youtu.be\\\/2TxPdej3R4A&quot;,&quot;mute&quot;:&quot;yes&quot;,&quot;start&quot;:0,&quot;video_type&quot;:&quot;youtube&quot;,&quot;controls&quot;:&quot;yes&quot;}\" data-widget_type=\"video.default\">\n\t\t\t\t<div class=\"elementor-widget-container\">\n\t\t\t\t\t<div class=\"elementor-wrapper elementor-open-inline\">\n\t\t\t<div class=\"elementor-video\"><\/div>\t\t<\/div>\n\t\t\t\t<\/div>\n\t\t\t\t<\/div>\n\t\t\t\t\t<\/div>\n\t\t<\/div>\n\t\t\t\t\t<\/div>\n\t\t<\/section>\n\t\t\t\t<section class=\"elementor-section elementor-top-section elementor-element elementor-element-7f0cf29 elementor-section-full_width elementor-section-height-default elementor-section-height-default\" data-id=\"7f0cf29\" data-element_type=\"section\" id=\"bottom-home\">\n\t\t\t\t\t\t<div class=\"elementor-container elementor-column-gap-default\">\n\t\t\t\t\t<div class=\"elementor-column elementor-col-100 elementor-top-column elementor-element elementor-element-a00c3e6\" data-id=\"a00c3e6\" data-element_type=\"column\">\n\t\t\t<div class=\"elementor-widget-wrap elementor-element-populated\">\n\t\t\t\t\t\t<div class=\"elementor-element elementor-element-5a0693a elementor-widget elementor-widget-html\" data-id=\"5a0693a\" data-element_type=\"widget\" data-widget_type=\"html.default\">\n\t\t\t\t<div class=\"elementor-widget-container\">\n\t\t\t<p class=\"accueil-top-par\">VOCA brings together a team of experts with over 25 years of experience in fashion and organizing events<\/p>\n<div class=\"accueil-bas-1\">\n<div class=\"content-home content-home-1\">\n <h4>Explore the latest trends<\/h4>\n<p>All sectors of the fashion industry and major brands are on hand so that you can explore upcoming trends at least one year in advance and complete your bookings.<\/p>\n<\/div>\n<div class=\"image-holder\"><img fetchpriority=\"high\" decoding=\"async\" src=\"\/wp-content\/uploads\/accueil-2.jpg\" alt=\"accueil-2\" width=\"400\" height=\"320\" class=\"accueil-img\" \/><\/div>\n<\/div>\n<div class=\"accueil-bas-2\">\n<div class=\"content-home content-home-2\">\n<h4>Develop your business<\/h4>\n<p>Our events maximize business opportunities with representatives and designers on site.<\/p>\n<\/div>\n<div class=\"image-holder\"><img decoding=\"async\" src=\"\/wp-content\/uploads\/accueil-3.jpg\" alt=\"accueil-3\" width=\"400\" height=\"320\" class=\"accueil-img\" \/><\/div>\n<\/div>\n<div class=\"accueil-bas-3\">\n<div class=\"content-home content-home-3\">\n<h4>Build your business network<\/h4>\n<p>Each VOCA event represents a unique opportunity to extend your network of contacts. Take advantage of excellent networking activities.<\/p>\n<\/div>\n<div class=\"image-holder\"><img decoding=\"async\" src=\"\/wp-content\/uploads\/accueil1.jpg\" alt=\"accueil1\" width=\"400\" height=\"320\" class=\"accueil-img\" \/><\/div>\n<\/div>\t\t<\/div>\n\t\t\t\t<\/div>\n\t\t\t\t\t<\/div>\n\t\t<\/div>\n\t\t\t\t\t<\/div>\n\t\t<\/section>\n\t\t\t\t<section class=\"elementor-section elementor-top-section elementor-element elementor-element-985e741 elementor-section-boxed elementor-section-height-default elementor-section-height-default\" data-id=\"985e741\" data-element_type=\"section\">\n\t\t\t\t\t\t<div class=\"elementor-container elementor-column-gap-default\">\n\t\t\t\t\t<div class=\"elementor-column elementor-col-100 elementor-top-column elementor-element elementor-element-2db3498\" data-id=\"2db3498\" data-element_type=\"column\">\n\t\t\t<div class=\"elementor-widget-wrap elementor-element-populated\">\n\t\t\t\t\t\t<div class=\"elementor-element elementor-element-a184388 elementor-widget elementor-widget-text-editor\" data-id=\"a184388\" data-element_type=\"widget\" data-widget_type=\"text-editor.default\">\n\t\t\t\t<div class=\"elementor-widget-container\">\n\t\t\t\t\t\t\tExplore fashion trends and R&amp;D news from major brands a year in advance. Build your business network and interact with all the decision-makers under one roof. Enjoy a unique buying experience that brings together all the fashion sectors on site. That&#8217;s VOCA.\t\t\t\t\t\t<\/div>\n\t\t\t\t<\/div>\n\t\t\t\t\t<\/div>\n\t\t<\/div>\n\t\t\t\t\t<\/div>\n\t\t<\/section>\n\t\t\t\t<section class=\"elementor-section elementor-top-section elementor-element elementor-element-82aebe6 elementor-section-content-middle elementor-section-boxed elementor-section-height-default elementor-section-height-default\" data-id=\"82aebe6\" data-element_type=\"section\" data-settings=\"{&quot;background_background&quot;:&quot;classic&quot;}\">\n\t\t\t\t\t\t<div class=\"elementor-container elementor-column-gap-default\">\n\t\t\t\t\t<div class=\"elementor-column elementor-col-100 elementor-top-column elementor-element elementor-element-05b48a6\" data-id=\"05b48a6\" data-element_type=\"column\">\n\t\t\t<div class=\"elementor-widget-wrap elementor-element-populated\">\n\t\t\t\t\t\t<div class=\"elementor-element elementor-element-3a2b004 elementor-widget elementor-widget-video\" data-id=\"3a2b004\" data-element_type=\"widget\" data-settings=\"{&quot;youtube_url&quot;:&quot;https:\\\/\\\/youtu.be\\\/3c3BqB9Uoj0&quot;,&quot;mute&quot;:&quot;yes&quot;,&quot;show_image_overlay&quot;:&quot;yes&quot;,&quot;image_overlay&quot;:{&quot;url&quot;:&quot;https:\\\/\\\/vocamode.ca\\\/wp-content\\\/uploads\\\/COVER-YOU-TUBE-AH-2023-24.jpg&quot;,&quot;id&quot;:2608,&quot;size&quot;:&quot;&quot;,&quot;alt&quot;:&quot;COVER YOU TUBE AH 2023-24&quot;,&quot;source&quot;:&quot;library&quot;},&quot;start&quot;:0,&quot;video_type&quot;:&quot;youtube&quot;,&quot;controls&quot;:&quot;yes&quot;}\" data-widget_type=\"video.default\">\n\t\t\t\t<div class=\"elementor-widget-container\">\n\t\t\t\t\t<div class=\"elementor-wrapper elementor-open-inline\">\n\t\t\t<div class=\"elementor-video\"><\/div>\t\t\t\t<div class=\"elementor-custom-embed-image-overlay\" style=\"background-image: url(https:\/\/vocamode.ca\/wp-content\/uploads\/COVER-YOU-TUBE-AH-2023-24.jpg);\">\n\t\t\t\t\t\t\t\t\t\t\t\t\t\t\t\t<div class=\"elementor-custom-embed-play\" role=\"button\" aria-label=\"Play Video about COVER YOU TUBE AH 2023-24\" tabindex=\"0\">\n\t\t\t\t\t\t\t<i aria-hidden=\"true\" class=\"eicon-play\"><\/i>\t\t\t\t\t\t\t<span class=\"elementor-screen-only\">Play Video about COVER YOU TUBE AH 2023-24<\/span>\n\t\t\t\t\t\t<\/div>\n\t\t\t\t\t\t\t\t\t<\/div>\n\t\t\t\t\t<\/div>\n\t\t\t\t<\/div>\n\t\t\t\t<\/div>\n\t\t\t\t\t<\/div>\n\t\t<\/div>\n\t\t\t\t\t<\/div>\n\t\t<\/section>\n\t\t\t\t<\/div>\n\t\t","protected":false},"excerpt":{"rendered":"<p>Next event VOCA modeSpring + Summer 2027 Date : 16-17-18 ao\u00fbt, 2026,Centre de Congr\u00e8s de L\u00e9vis, Qu\u00e9bec See all details\u00a0https:\/\/youtu.be\/2TxPdej3R4A VOCA brings together a team of experts with over 25 years of experience in fashion and organizing events Explore the latest trends All sectors of the fashion industry and major brands are on hand so <a href=\"https:\/\/vocamode.ca\/en\/\" class=\"more-link\">&#8230;<\/a><\/p>\n","protected":false},"author":1,"featured_media":0,"parent":0,"menu_order":0,"comment_status":"closed","ping_status":"open","template":"custom-home.php","meta":{"slim_seo":{"title":"VOCA - Themed events - Commerce + fashion","description":"VOCA\u2019s seasonal or themed tradeshows unveil all the latest trends and R&D from major brands"},"footnotes":""},"categories":[],"tags":[],"acf":[],"_links":{"self":[{"href":"https:\/\/vocamode.ca\/en\/wp-json\/wp\/v2\/pages\/1524"}],"collection":[{"href":"https:\/\/vocamode.ca\/en\/wp-json\/wp\/v2\/pages"}],"about":[{"href":"https:\/\/vocamode.ca\/en\/wp-json\/wp\/v2\/types\/page"}],"author":[{"embeddable":true,"href":"https:\/\/vocamode.ca\/en\/wp-json\/wp\/v2\/users\/1"}],"replies":[{"embeddable":true,"href":"https:\/\/vocamode.ca\/en\/wp-json\/wp\/v2\/comments?post=1524"}],"version-history":[{"count":127,"href":"https:\/\/vocamode.ca\/en\/wp-json\/wp\/v2\/pages\/1524\/revisions"}],"predecessor-version":[{"id":2791,"href":"https:\/\/vocamode.ca\/en\/wp-json\/wp\/v2\/pages\/1524\/revisions\/2791"}],"wp:attachment":[{"href":"https:\/\/vocamode.ca\/en\/wp-json\/wp\/v2\/media?parent=1524"}],"wp:term":[{"taxonomy":"category","embeddable":true,"href":"https:\/\/vocamode.ca\/en\/wp-json\/wp\/v2\/categories?post=1524"},{"taxonomy":"post_tag","embeddable":true,"href":"https:\/\/vocamode.ca\/en\/wp-json\/wp\/v2\/tags?post=1524"}],"curies":[{"name":"wp","href":"https:\/\/api.w.org\/{rel}","templated":true}]}}