{"id":1723,"date":"2019-12-04T19:28:45","date_gmt":"2019-12-05T00:28:45","guid":{"rendered":"https:\/\/vocamode.ca\/beta\/?page_id=1723"},"modified":"2024-09-11T00:13:14","modified_gmt":"2024-09-11T04:13:14","slug":"media","status":"publish","type":"page","link":"https:\/\/vocamode.ca\/ah\/media\/","title":{"rendered":"M\u00e9dia"},"content":{"rendered":"<p>Vous d\u00e9sirez obtenir une accr\u00e9ditation m\u00e9dia pour l&rsquo;\u00e9v\u00e9nement VOCA mode Automne + Hiver 2025-26? Vous voulez acc\u00e9der \u00e0 nos photos pour publication dans un m\u00e9dia officiel?<\/p>\n<p>Soumettez votre demande ici: <a href=\"mailto:info@vocamode.ca\"><strong>info@vocamode.ca<\/strong><\/a><\/p>\n","protected":false},"excerpt":{"rendered":"<p>Vous d\u00e9sirez obtenir une accr\u00e9ditation m\u00e9dia pour l&rsquo;\u00e9v\u00e9nement VOCA mode Automne + Hiver 2025-26? Vous voulez acc\u00e9der \u00e0 nos photos pour publication dans un m\u00e9dia officiel? Soumettez votre demande ici: info@vocamode.ca<\/p>\n","protected":false},"author":1,"featured_media":2616,"parent":0,"menu_order":0,"comment_status":"closed","ping_status":"closed","template":"page-section.php","meta":{"slim_seo":[],"footnotes":""},"categories":[],"tags":[],"_links":{"self":[{"href":"https:\/\/vocamode.ca\/ah\/wp-json\/wp\/v2\/pages\/1723"}],"collection":[{"href":"https:\/\/vocamode.ca\/ah\/wp-json\/wp\/v2\/pages"}],"about":[{"href":"https:\/\/vocamode.ca\/ah\/wp-json\/wp\/v2\/types\/page"}],"author":[{"embeddable":true,"href":"https:\/\/vocamode.ca\/ah\/wp-json\/wp\/v2\/users\/1"}],"replies":[{"embeddable":true,"href":"https:\/\/vocamode.ca\/ah\/wp-json\/wp\/v2\/comments?post=1723"}],"version-history":[{"count":15,"href":"https:\/\/vocamode.ca\/ah\/wp-json\/wp\/v2\/pages\/1723\/revisions"}],"predecessor-version":[{"id":3285,"href":"https:\/\/vocamode.ca\/ah\/wp-json\/wp\/v2\/pages\/1723\/revisions\/3285"}],"wp:featuredmedia":[{"embeddable":true,"href":"https:\/\/vocamode.ca\/ah\/wp-json\/wp\/v2\/media\/2616"}],"wp:attachment":[{"href":"https:\/\/vocamode.ca\/ah\/wp-json\/wp\/v2\/media?parent=1723"}],"wp:term":[{"taxonomy":"category","embeddable":true,"href":"https:\/\/vocamode.ca\/ah\/wp-json\/wp\/v2\/categories?post=1723"},{"taxonomy":"post_tag","embeddable":true,"href":"https:\/\/vocamode.ca\/ah\/wp-json\/wp\/v2\/tags?post=1723"}],"curies":[{"name":"wp","href":"https:\/\/api.w.org\/{rel}","templated":true}]}}