{"id":1712,"date":"2019-12-04T16:35:27","date_gmt":"2019-12-04T21:35:27","guid":{"rendered":"https:\/\/vocamode.ca\/beta\/?page_id=1712"},"modified":"2025-01-12T17:35:16","modified_gmt":"2025-01-12T22:35:16","slug":"exposants","status":"publish","type":"page","link":"https:\/\/vocamode.ca\/ah\/exposants\/","title":{"rendered":"Exposants"},"content":{"rendered":"<div id=\"pourquoi\" class=\"sous-section-titre\" style=\"padding-top: 0;\">\n<h2>Pourquoi exposer \u00e0 VOCA<\/h2>\n<\/div>\n<div class=\"sous-section-contenu\" style=\"padding-top: 0;\">\n<div class=\"content\">\n<h4>VOCA mode Automne + Hiver 2025-26 au Centrexpo Cogeco de Drummondville, c\u2019est:<\/h4>\n<p><!--\n\n\n<h5><strong>+ de 250 exposants\n+ de 800 marques\n+ de 60 000 pi ca<\/strong><\/h5>\n\n\n--><br \/>\nLes \u00e9v\u00e9nements d&rsquo;achat VOCA sont th\u00e9matiques et saisonniers, rassemblant tous les d\u00e9cideurs de la mode dans divers grands centres dont Montr\u00e9al, Qu\u00e9bec, Laval et Drummondville.<\/p>\n<p>En choisissant d&rsquo;exposer lors de VOCA mode Automne+Hiver 2025-26, vous vous assurez <strong>une vitrine et un acc\u00e8s in\u00e9gal\u00e9s<\/strong> aupr\u00e8s des acheteurs et des d\u00e9taillants de partout au Qu\u00e9bec, venus sur place pour magasiner, comparer et remplir leur carnet d&rsquo;achat. Visibilit\u00e9, r\u00e9seautage, opportunit\u00e9s d&rsquo;affaires, formation, etc.: VOCA repr\u00e9sente une occasion unique de b\u00e2tir votre r\u00e9seau d&rsquo;affaires.<\/p>\n<p>L&rsquo;innovation que l&rsquo;industrie de la mode attendait, VOCA r\u00e9unit <strong>une \u00e9quipe d&rsquo;experts avec plus de 25 ans d&rsquo;exp\u00e9rience en mode et en \u00e9v\u00e9nementiel<\/strong>. D\u00e9fil\u00e9s, conf\u00e9rences, ateliers pratiques, cocktails et autres: nous savons comment vous aider \u00e0 rejoindre votre client\u00e8le existante et \u00e0 d\u00e9velopper de nouveaux march\u00e9s. Mettez notre expertise \u00e0 profit!<\/p>\n<h4>Inscrivez-vous en ligne et acc\u00e9dez d\u00e8s maintenant \u00e0 nos conseils experts.<\/h4>\n<p><a class=\"cta-btn-contenu\" href=\"https:\/\/share.hsforms.com\/1Y68QksYDTGuStNVW23yh_Aeip8o\" target=\"_blank\" rel=\"noopener\">OUI, j&rsquo;expose !<\/a><\/p>\n<\/div>\n<\/div>\n<div style=\"clear: both;\"><\/div>\n<div id=\"inscription\" class=\"sous-section-titre\">\n<h2>Inscriptions<\/h2>\n<\/div>\n<div class=\"sous-section-contenu\">\n<div class=\"content\">\n<p>Date limite: \u00e0 venir<\/p>\n<p>Devenez exposant et profitez de nos conseils pour maximiser la vitrine assur\u00e9e par VOCA. Vous d\u00e9sirez figurer dans le R\u00e9pertoire des exposants achemin\u00e9 \u00e0 plus de 500 d\u00e9taillants partout au Qu\u00e9bec? Confirmez votre participation.<\/p>\n<p>Pour proc\u00e9der \u00e0 une inscription tardive, merci de communiquer directement avec nous au <a href=\"mailto:info@vocamode.ca\"><strong>info@vocamode.ca<\/strong><\/a> ou encore par t\u00e9l\u00e9phone au <a href=\"tel:4509659795\"><strong>450 965-9795<\/strong><\/a>.<\/p>\n<p><a class=\"cta-btn-contenu\" href=\"https:\/\/share.hsforms.com\/1Y68QksYDTGuStNVW23yh_Aeip8o\" target=\"_blank\" rel=\"noopener\">OUI, j&rsquo;expose !<\/a><\/p>\n<\/div>\n<\/div>\n<div style=\"clear: both;\"><\/div>\n<div id=\"pub\" class=\"sous-section-titre\">\n<h2>Publicit\u00e9<\/h2>\n<\/div>\n<div class=\"sous-section-contenu\">\n<div class=\"content\">\n<p>Capitalisez sur votre participation \u00e0 VOCA et rejoignez tous les d\u00e9cideurs deux fois plut\u00f4t qu&rsquo;une, gr\u00e2ce \u00e0 notre programme publicitaire sur mesure, pour une visibilit\u00e9 in\u00e9gal\u00e9e avant, pendant et apr\u00e8s!<\/p>\n<p>Notre programme de visibilit\u00e9 inclut:<\/p>\n<ul>\n<li>VOCA Magazine\n<ul>\n<li>Opportunit\u00e9 de placer une publicit\u00e9 dans le magazine (divers forfaits disponibles)<\/li>\n<li>1000 exemplaires version imprim\u00e9<\/li>\n<li>Version num\u00e9rique disponible sur le site VOCA<\/li>\n<li>Port\u00e9e : 3000 d\u00e9taillants, acheteurs, d\u00e9cideurs<\/li>\n<\/ul>\n<\/li>\n<li>Visibilit\u00e9 sur les communications de l&rsquo;\u00e9v\u00e9nement<\/li>\n<li>Et plus encore!<\/li>\n<\/ul>\n<p><!--Pour profiter de cette publicit\u00e9 et cette visibilit\u00e9 in\u00e9gal\u00e9es, il suffit de <a href=\"https:\/\/vocamode.ca\/ah\/wp-content\/uploads\/FormulairePublicitee-Hiv21_V4.pdf\" target=\"_blank\" rel=\"noopener noreferrer\"><strong>t\u00e9l\u00e9charger et de remplir le formulaire en ligne ici<\/strong><\/a>.--><\/p>\n<\/div>\n<\/div>\n<div style=\"clear: both;\"><\/div>\n<div id=\"partenaire\" class=\"sous-section-titre\">\n<h2>Partenaire<\/h2>\n<\/div>\n<div class=\"sous-section-contenu\">\n<div class=\"content\">Vous pouvez aussi devenir partenaire de l&rsquo;exp\u00e9rience VOCA en commanditant une activit\u00e9, de nos petits d\u00e9jeuners r\u00e9seautage \u00e0 nos conf\u00e9rences, ateliers, soir\u00e9e gala, etc. Informez-vous des forfaits offerts <a href=\"mailto:info@vocamode.ca\" rel=\"noopener noreferrer\"><strong>par courriel<\/strong><\/a> ou par t\u00e9l\u00e9phone, au <a href=\"tel:4509659795\"><strong>450 965-9795<\/strong><\/a>.<\/div>\n<\/div>\n<div style=\"clear: both;\"><\/div>\n<div id=\"manuel\" class=\"sous-section-titre\">\n<h2>Manuel de l&rsquo;exposant<\/h2>\n<\/div>\n<div class=\"sous-section-contenu\">\n<div class=\"content\">Pr\u00e9parez votre pr\u00e9sence au salon pour en tirer le maximum de profit! T\u00e9l\u00e9chargez le manuel de l&rsquo;exposant avec toutes les directives techniques: horaire de montage, cueillette, envois, acc\u00e8s, fournisseurs accr\u00e9dit\u00e9s, etc.<\/div>\n<div class=\"content\"><a class=\"cta-btn-contenu\" href=\"https:\/\/vocamode.ca\/ah\/wp-content\/uploads\/Manuel-exposant-A-H-2025-26.pdf\" target=\"_blank\" rel=\"noopener noreferrer\">T\u00e9l\u00e9charger le manuel<\/a><\/div>\n<\/div>\n<div style=\"clear: both;\"><\/div>\n<div style=\"clear: both;\"><\/div>\n<div id=\"guideexp\" class=\"sous-section-titre\">\n<h2>Magazine VOCA<\/h2>\n<\/div>\n<div class=\"sous-section-contenu\">\n<div class=\"content\">\n<p>Tirez le maximum de profit de votre visite en <strong><a href=\"https:\/\/vocamode.ca\/ah\/informations-generales\/\">planifiant votre s\u00e9jour<\/a><\/strong> ici m\u00eame et en t\u00e9l\u00e9chargeant le magazine VOCA pens\u00e9 sur mesure pour l&rsquo;acheteur. Vous y trouverez une foule d&rsquo;informations pratiques:<\/p>\n<ul>\n<li>Liste des exposants<\/li>\n<li>Collections et marques repr\u00e9sent\u00e9es<\/li>\n<li>Activit\u00e9s au calendrier chaque jour<\/li>\n<li>Liste des conf\u00e9renciers et fournisseurs de service en vedette<\/li>\n<li>Partenaires de l\u2019\u00e9v\u00e9nement<\/li>\n<li>Et plus encore!<\/li>\n<\/ul>\n<p><a href=\"\/ah\/voca-magazine-automnehiver-2025-26\/\"><img decoding=\"async\" class=\"alignnone wp-image-3019 size-medium\" src=\"https:\/\/vocamode.ca\/ah\/wp-content\/uploads\/VOCA-Mode-Automne-Hiver-2024-25-500x500.jpg\" alt=\"VOCA-Mode-Automne-Hiver-2024-25\" width=\"200\" height=\"200\" srcset=\"https:\/\/vocamode.ca\/ah\/wp-content\/uploads\/VOCA-Mode-Automne-Hiver-2024-25-500x500.jpg 500w, https:\/\/vocamode.ca\/ah\/wp-content\/uploads\/VOCA-Mode-Automne-Hiver-2024-25-150x150.jpg 150w, https:\/\/vocamode.ca\/ah\/wp-content\/uploads\/VOCA-Mode-Automne-Hiver-2024-25.jpg 800w\" sizes=\"(max-width: 200px) 100vw, 200px\" \/><\/a><br \/>\n<a class=\"cta-btn-contenu\" href=\"\/ah\/voca-magazine-automnehiver-2025-26\/\" rel=\"noopener\">Visualiser la derni\u00e8re \u00e9dition 2025-26 du VOCA Magazine<\/a><\/p>\n<\/div>\n<\/div>\n<div style=\"clear: both;\"><\/div>\n","protected":false},"excerpt":{"rendered":"<p>Pourquoi exposer \u00e0 VOCA VOCA mode Automne + Hiver 2025-26 au Centrexpo Cogeco de Drummondville, c\u2019est: Les \u00e9v\u00e9nements d&rsquo;achat VOCA sont th\u00e9matiques et saisonniers, rassemblant tous les d\u00e9cideurs de la mode dans divers grands centres dont Montr\u00e9al, Qu\u00e9bec, Laval et Drummondville. En choisissant d&rsquo;exposer lors de VOCA mode Automne+Hiver 2025-26, vous vous assurez une vitrine <a href=\"https:\/\/vocamode.ca\/ah\/exposants\/\" class=\"more-link\">&#8230;<\/a><\/p>\n","protected":false},"author":1,"featured_media":2616,"parent":0,"menu_order":0,"comment_status":"closed","ping_status":"closed","template":"page-section.php","meta":{"slim_seo":[],"footnotes":""},"categories":[],"tags":[],"_links":{"self":[{"href":"https:\/\/vocamode.ca\/ah\/wp-json\/wp\/v2\/pages\/1712"}],"collection":[{"href":"https:\/\/vocamode.ca\/ah\/wp-json\/wp\/v2\/pages"}],"about":[{"href":"https:\/\/vocamode.ca\/ah\/wp-json\/wp\/v2\/types\/page"}],"author":[{"embeddable":true,"href":"https:\/\/vocamode.ca\/ah\/wp-json\/wp\/v2\/users\/1"}],"replies":[{"embeddable":true,"href":"https:\/\/vocamode.ca\/ah\/wp-json\/wp\/v2\/comments?post=1712"}],"version-history":[{"count":78,"href":"https:\/\/vocamode.ca\/ah\/wp-json\/wp\/v2\/pages\/1712\/revisions"}],"predecessor-version":[{"id":3331,"href":"https:\/\/vocamode.ca\/ah\/wp-json\/wp\/v2\/pages\/1712\/revisions\/3331"}],"wp:featuredmedia":[{"embeddable":true,"href":"https:\/\/vocamode.ca\/ah\/wp-json\/wp\/v2\/media\/2616"}],"wp:attachment":[{"href":"https:\/\/vocamode.ca\/ah\/wp-json\/wp\/v2\/media?parent=1712"}],"wp:term":[{"taxonomy":"category","embeddable":true,"href":"https:\/\/vocamode.ca\/ah\/wp-json\/wp\/v2\/categories?post=1712"},{"taxonomy":"post_tag","embeddable":true,"href":"https:\/\/vocamode.ca\/ah\/wp-json\/wp\/v2\/tags?post=1712"}],"curies":[{"name":"wp","href":"https:\/\/api.w.org\/{rel}","templated":true}]}}